{"id":804,"date":"2024-04-03T17:49:01","date_gmt":"2024-04-03T20:49:01","guid":{"rendered":"https:\/\/aninva.com.br\/anibrasil\/?page_id=804"},"modified":"2025-11-14T17:02:29","modified_gmt":"2025-11-14T20:02:29","slug":"polinscrevase","status":"publish","type":"page","link":"https:\/\/aninva.com.br\/anibrasil\/polinscrevase\/","title":{"rendered":"Policial &#8211; Inscreva-se"},"content":{"rendered":"<p style=\"text-align: center;\"><body>\r\n<p style=\"text-align: center; margin-top:0; margin-bottom:0\">\r\n<img fetchpriority=\"high\" decoding=\"async\" border=\"0\" src=\"https:\/\/i.imgur.com\/A88LpkK.jpg\" width=\"1100\" height=\"120\"><\/p>\r\n<p style=\"text-align: center; margin-top:0; margin-bottom:0\">\r\n<a target=\"_blank\" href=\"https:\/\/chat.whatsapp.com\/IVHaYLH2jl6F23sqM5oFP4\"><img decoding=\"async\" border=\"0\" src=\"https:\/\/i.imgur.com\/Y0iBc2q.png\" width=\"700\" height=\"123\"><\/a><\/p>\r\n\r\n<p class=\"MsoNormal\" style=\"margin: 12px 20px; \" align=\"center\"><b>\r\n<font face=\"Verdana\" color=\"#800000\" size=\"4\">INVESTIGAR \u00c9 A ARTE DE REUNIR EVID\u00caNCIAS \r\nPARA SE COMPROVAR UM FATO<\/font><\/b><\/p>\r\n<p style=\"text-align: center; margin-top:0; margin-bottom:0\">\r\n<font face=\"Verdana\">\r\n<img decoding=\"async\" class=\"aligncenter wp-image-541 size-full\" src=\"https:\/\/i.imgur.com\/3JfpQQ8.png\" alt=\"\" width=\"100%\" height=\"18\" \/><\/font><\/p>\r\n<\/body><\/p>\n<p style=\"text-align: center;\"><div style=\"display:none\" class=\"fm-form-container fm-theme11\"><div id=\"fm-pages13\" class=\"fm-pages wdform_page_navigation \" show_title=\"\" show_numbers=\"1\" type=\"none\"><\/div><form name=\"form13\" action=\"\/anibrasil\/wp-json\/wp\/v2\/pages\/804\" method=\"post\" id=\"form13\" class=\"fm-form form13  \" enctype=\"multipart\/form-data\"><input type=\"hidden\" id=\"fm_page_id13\" value=\"804\" name=\"fm_page_id13\" \/><input type=\"hidden\" id=\"fm_current_post_type13\" value=\"page\" name=\"fm_current_post_type13\" \/><input type=\"hidden\" id=\"counter13\" value=\"36\" name=\"counter13\" \/><input type=\"hidden\" id=\"Itemid13\" value=\"\" name=\"Itemid13\" \/><input type=\"hidden\" id=\"fm_shake13\" value=\"1\" name=\"fm_shake13\" \/><input type=\"text\" class=\"fm-hide\" id=\"fm_bot_validation13\" value=\"\" name=\"fm_bot_validation13\" \/><input type=\"text\" class=\"fm-hide\" id=\"fm_empty_field_validation13\" value=\"\" name=\"fm_empty_field_validation13\" data-value=\"bd736efb144d599cf463541431fbf5c4\" \/><input type=\"hidden\" id=\"fm_form_nonce13\" name=\"fm_form_nonce13\" value=\"204bde28ae\" \/><input type=\"hidden\" name=\"_wp_http_referer\" value=\"\/anibrasil\/wp-json\/wp\/v2\/pages\/804\" \/><div class=\"fm-header-bg\"><div class=\"fm-header \"><div class=\"fm-header-text\">          <div class=\"fm-header-title\">            INSCRI\u00c7\u00c3O AGENTE INVESTIGADOR - SOMENTE POLICIAIS          <\/div>          <div class=\"fm-header-description\">            <img decoding=\"async\" class=\"aligncenter\" src=\"https:\/\/aninva.com.br\/anibrasil\/wp-content\/uploads\/2025\/01\/faixa_polial_inscrevase.png\" alt=\"https:\/\/aninva.com.br\/anibrasil\/wp-content\/uploads\/2025\/01\/faixa_polial_inscrevase.png\" \/>          <\/div>        <\/div><\/div><\/div><div class=\"wdform-page-and-images fm-form-builder\"><div id=\"13form_view1\" class=\"wdform_page\" page_title=\"Untitled page\" next_title=\"Next\" next_type=\"text\" next_class=\"wdform-page-button\" next_checkable=\"true\" previous_title=\"Previous\" previous_type=\"text\" previous_class=\"wdform-page-button\" previous_checkable=\"false\"><div class=\"wdform_section fm-col-1\"><div class=\"wdform_column\"><div wdid=\"24\" class=\"wdform_row\" style=\"position: relative; left: 0px; top: 0px;\"><div type=\"type_editor\" class=\"wdform-field\"><p style=\"text-align: center;\" data-mce-style=\"text-align: center;\"><\/p><div align=\"center\"><table border=\"0\" width=\"500\" cellspacing=\"0\" cellpadding=\"0\" height=\"12\" data-mce-selected=\"1\"><tbody><tr><td bgcolor=\"#5EB6D8\" height=\"5\" width=\"500\"><p align=\"center\" style=\"margin-top: 0; margin-bottom: 0\"><font color=\"#000080\" style=\"font-size: 16pt\" face=\"Calibri\">\t\t\tN\u00famero de Controle<\/font><\/p><\/td><\/tr><tr><td bgcolor=\"#5EB6D8\" width=\"500\" height=\"5\"><p align=\"center\" style=\"margin-top: 0; margin-bottom: 0\"><a href=\"https:\/\/aninva.com.br\/anibrasil\" title=\"\" data-mce-selected=\"inline-boundary\"><img decoding=\"async\" src=\"https:\/\/counter11.optistats.ovh\/private\/webcontadores.php?c=826lzs1n5c8jyccnndhcf8nqdhnusujk\" border=\"0\" title=\"\" alt=\"\"><\/a><br><\/p><\/td><\/tr><\/tbody><\/table><\/div><p><\/p><div id=\"mceResizeHandlenw\" data-mce-bogus=\"all\" class=\"mce-resizehandle\" unselectable=\"true\" data-mce-style=\"cursor: nw-resize; margin: 0px; padding: 0px; left: 178.5px; top: 11.5px;\" style=\"cursor: nw-resize; margin: 0px; padding: 0px; left: 178.5px; top: 11.5px;\"><\/div><div id=\"mceResizeHandlene\" data-mce-bogus=\"all\" class=\"mce-resizehandle\" unselectable=\"true\" data-mce-style=\"cursor: ne-resize; margin: 0px; padding: 0px; left: 678.5px; top: 11.5px;\" style=\"cursor: ne-resize; margin: 0px; padding: 0px; left: 678.5px; top: 11.5px;\"><\/div><div id=\"mceResizeHandlese\" data-mce-bogus=\"all\" class=\"mce-resizehandle\" unselectable=\"true\" data-mce-style=\"cursor: se-resize; margin: 0px; padding: 0px; left: 678.5px; top: 114.484px;\" style=\"cursor: se-resize; margin: 0px; padding: 0px; left: 678.5px; top: 114.484px;\"><\/div><div id=\"mceResizeHandlesw\" data-mce-bogus=\"all\" class=\"mce-resizehandle\" unselectable=\"true\" data-mce-style=\"cursor: sw-resize; margin: 0px; padding: 0px; left: 178.5px; top: 114.484px;\" style=\"cursor: sw-resize; margin: 0px; padding: 0px; left: 178.5px; top: 114.484px;\"><\/div><\/div><\/div><\/div><div class=\"wdform_column\"><div wdid=\"12\" class=\"wdform_row\" style=\"position: relative; left: 0px; top: 0px;\"><div type=\"type_text\" class=\"wdform-field wd-width-100 wd-flex wd-flex-column fm-type_text\" ><div class=\"wdform-label-section wd-width-100  wd-flex-row wd-align-items-center\" style=\"max-width: 300px;\">    <label  for=\"wdform_12_element13\" class=\"wdform-label\">01-N\u00famero_de_Controle<\/label><span class=\"wdform-required\">*<\/span><\/div><div class=\"wdform-element-section wd-flex  wd-flex-row wd-align-items-center wd-width-100\" style=\"max-width: 300px;\"><input type=\"text\"                           class=\"wd-width-100\"                           id=\"wdform_12_element13\"                           name=\"wdform_12_element13\"                           value=\"\"                           data-value=\"\"                           title=\"Coloque o n\u00famero azul de 5 d\u00edgitos que voc\u00ea voc\u00ea acima\"                           placeholder=\"Coloque o n\u00famero azul de 5 d\u00edgitos que voc\u00ea voc\u00ea acima\"                                                       \/><\/div><\/div><\/div><\/div><div class=\"wdform_column\"><div wdid=\"6\" class=\"wdform_row\" style=\"position: relative; left: 0px; top: 0px;\"><div type=\"type_text\" class=\"wdform-field wd-width-100 wd-flex wd-flex-column fm-type_text\" ><div class=\"wdform-label-section wd-width-100  wd-flex-row wd-align-items-center\" style=\"max-width: 600px;\">    <label  for=\"wdform_6_element13\" class=\"wdform-label\">02-Seu_Nome_Completo<\/label><span class=\"wdform-required\">*<\/span><\/div><div class=\"wdform-element-section wd-flex  wd-flex-row wd-align-items-center wd-width-100\" style=\"max-width: 300px;\"><input type=\"text\"                           class=\"wd-width-100\"                           id=\"wdform_6_element13\"                           name=\"wdform_6_element13\"                           value=\"\"                           data-value=\"\"                           title=\"\"                           placeholder=\"\"                                                       \/><\/div><\/div><\/div><\/div><div class=\"wdform_column\"><div wdid=\"30\" class=\"wdform_row\"><div type=\"type_text\" class=\"wdform-field wd-width-100 wd-flex wd-flex-column fm-type_text\" ><div class=\"wdform-label-section wd-width-100 undefined wd-flex-row wd-align-items-center\" style=\"max-width: 600px;\">    <label  for=\"wdform_30_element13\" class=\"wdform-label\">04-Seu_CPF<\/label><span class=\"wdform-required\">*<\/span><\/div><div class=\"wdform-element-section wd-flex undefined wd-flex-row wd-align-items-center wd-width-100\" style=\"max-width: 300px;\"><input type=\"text\"                           class=\"wd-width-100\"                           id=\"wdform_30_element13\"                           name=\"wdform_30_element13\"                           value=\"\"                           data-value=\"\"                           title=\"Coloque somente n\u00fameros\"                           placeholder=\"Coloque somente n\u00fameros\"                                                       \/><\/div><\/div><\/div><\/div><div class=\"wdform_column\"><div wdid=\"22\" class=\"wdform_row\" style=\"position: relative; left: 0px; top: 0px;\"><div type=\"type_date_new\" class=\"wdform-field wd-width-100 wd-flex wd-flex-column fm-type_date_new\" ><div class=\"wdform-label-section wd-width-100  wd-flex-row\" style=\"max-width: 300px;\">    <label  for=\"wdform_22_element13\" class=\"wdform-label\">03-Sua_Data_De_Nascimento<\/label><span class=\"wdform-required\">*<\/span><\/div><div class=\"wdform-element-section wd-flex  wd-flex-row wd-width-100\" style=\"max-width: 300px;\"><input class=\"wd-width-100\" autocomplete=\"off\" onchange=\"wd_validate(this)\" data-form-id=\"13\" data-wdid=\"22\" data-valid-type=\"date\" type=\"text\" id=\"wdform_22_element13\" data-value=\"\" value=\"\" name=\"wdform_22_element13\"   \/><span id=\"fm-calendar-22\" class=\"dashicons dashicons-calendar-alt wd-calendar-button wd-inline-block\"><\/span><input type=\"hidden\" class=\"hidden_date\" data-format=\"dd\/mm\/yy\" data-min=\"\" data-max=\"\" id=\"wdform_22_button13\" value=\"\" \/><\/div><\/div><\/div><\/div><div class=\"wdform_column\"><div wdid=\"27\" class=\"wdform_row\" style=\"position: relative; left: 0px; top: 0px;\"><div type=\"type_phone_new\" class=\"wdform-field wd-width-100 wd-flex wd-flex-column fm-type_phone_new\" ><div class=\"wdform-label-section wd-width-100 \">    <label  for=\"wdform_27_element13\" class=\"wdform-label\">05-Seu_Telefone<\/label><span class=\"wdform-required\">*<\/span><\/div><div class=\"wdform-element-section wd-flex  wd-width-100\" style=\"max-width: 300px;\"><input type=\"text\"                       class=\"wd-width-100\"                       id=\"wdform_27_element13\"                       name=\"wdform_27_element13\"                       value=\"\"                       data-value=\"\"                       placeholder=\"\"  \/><\/div><\/div><\/div><\/div><div class=\"wdform_column\"><div wdid=\"28\" class=\"wdform_row\"><div type=\"type_phone_new\" class=\"wdform-field wd-width-100 wd-flex wd-flex-column fm-type_phone_new\" ><div class=\"wdform-label-section wd-width-100 \">    <label  for=\"wdform_28_element13\" class=\"wdform-label\">5.1-Seu_Whats_App<\/label><span class=\"wdform-required\">*<\/span><\/div><div class=\"wdform-element-section wd-flex  wd-width-100\" style=\"max-width: 300px;\"><input type=\"text\"                       class=\"wd-width-100\"                       id=\"wdform_28_element13\"                       name=\"wdform_28_element13\"                       value=\"\"                       data-value=\"\"                       placeholder=\"\"  \/><\/div><\/div><\/div><\/div><div class=\"wdform_column\"><div wdid=\"3\" class=\"wdform_row\" style=\"position: relative; left: 0px; top: 0px;\"><div type=\"type_submitter_mail\" class=\"wdform-field wd-width-100 wd-flex wd-flex-column fm-type_submitter_mail\" ><div class=\"wdform-label-section wd-width-100  wd-flex-row\" style=\"max-width: 600px;\">    <label  for=\"wdform_3_element13\" class=\"wdform-label\">06-Seu_Email<\/label><span class=\"wdform-required\">*<\/span><\/div><div class=\"wdform-element-section wd-flex  wd-flex-row wd-width-100\" style=\"max-width: 300px;\"><input type=\"text\" class=\"wd-width-100\" id=\"wdform_3_element13\" name=\"wdform_3_element13\" data-value=\"\" value=\"\" title=\"Coloque um e-mail v\u00e1lido\" placeholder=\"Coloque um e-mail v\u00e1lido\"   onchange=\"wd_check_email('3', '13', 'This is not a valid email address.'); wd_check_confirmation_email('3', '13', 'The email addresses don\\'t match')\" \/><\/div><\/div><div type=\"type_submitter_mail\" class=\"wdform-field wd-width-100 wd-flex wd-flex-column fm-type_submitter_mail\" ><div class=\"wdform-label-section wd-width-100  wd-flex-row\" style=\"max-width: 600px;\">    <label  for=\"wdform_3_1_element13\" class=\"wdform-label\">Confirma\u00e7\u00e3o de email<\/label><span class=\"wdform-required\">*<\/span><\/div><div class=\"wdform-element-section wd-flex  wd-flex-row wd-width-100\" style=\"max-width: 300px;\"><input type=\"text\" class=\"wd-width-100\" id=\"wdform_3_1_element13\" name=\"wdform_3_1_element13\" placeholder=\"\" title=\"\"   onchange=\"wd_check_confirmation_email('3', '13', 'The email addresses don\\'t match')\" \/><\/div><\/div><\/div><\/div><div class=\"wdform_column\"><div wdid=\"21\" class=\"wdform_row\" style=\"position: relative; left: 0px; top: 0px;\"><div type=\"type_own_select\" class=\"wdform-field wd-width-100 wd-flex wd-flex-column fm-type_own_select\" ><div class=\"wdform-label-section wd-width-100 wdform_select wd-flex-row\" style=\"max-width: 600px;\">    <label  for=\"wdform_21_element13\" class=\"wdform-label\">07-Em_Qual_Estado_Reside?<\/label><span class=\"wdform-required\">*<\/span><\/div><div class=\"wdform-element-section wd-flex wdform_select wd-flex-row wd-width-100\" style=\"max-width: 300px;\"><select class=\"wd-width-100\" id=\"wdform_21_element13\" name=\"wdform_21_element13\" ><option value=\"\" selected=\"selected\">Marque seu Estado<\/option><option value=\"AC\" >Acre<\/option><option value=\"AL\" >Alagoas<\/option><option value=\"AM\" >Amazonas<\/option><option value=\"AP\" >Amap\u00e1<\/option><option value=\"BA\" >Bahia<\/option><option value=\"CE\" >Cear\u00e1<\/option><option value=\"DF\" >Distrito Federal<\/option><option value=\"ES\" >Esp\u00edrito Santo<\/option><option value=\"GO\" >Goi\u00e1s<\/option><option value=\"MA\" >Maranh\u00e3o<\/option><option value=\"MG\" >Minas Gerais<\/option><option value=\"MS\" >Mato Grosso do Sul<\/option><option value=\"MT\" >Mato Grosso<\/option><option value=\"PA\" >Par\u00e1<\/option><option value=\"PB\" >Para\u00edba<\/option><option value=\"PE\" >Pernambuco<\/option><option value=\"PI\" >Piau\u00ed<\/option><option value=\"PR\" >Paran\u00e1<\/option><option value=\"RJ\" >Rio de Janeiro<\/option><option value=\"RN\" >Rio Grande do Norte<\/option><option value=\"RO\" >Rond\u00f4nia<\/option><option value=\"RR\" >Roraima<\/option><option value=\"RS\" >Rio Grande do Sul<\/option><option value=\"SC\" >Santa catarina<\/option><option value=\"SE\" >Sergipe<\/option><option value=\"SP\" >S\u00e3o Paulo<\/option><option value=\"TO\" >Tocantins<\/option><\/select><\/div><\/div><\/div><\/div><div class=\"wdform_column\"><div wdid=\"33\" class=\"wdform_row\" style=\"position: relative; left: 0px; top: 0px;\"><div type=\"type_text\" class=\"wdform-field wd-width-100 wd-flex wd-flex-column fm-type_text\" ><div class=\"wdform-label-section wd-width-100 undefined wd-flex-row wd-align-items-center\" style=\"max-width: 600px;\">    <label  for=\"wdform_33_element13\" class=\"wdform-label\">7.1-Em_Qual_Cidade_Reside?<\/label><span class=\"wdform-required\">*<\/span><\/div><div class=\"wdform-element-section wd-flex undefined wd-flex-row wd-align-items-center wd-width-100\" style=\"max-width: 300px;\"><input type=\"text\"                           class=\"wd-width-100\"                           id=\"wdform_33_element13\"                           name=\"wdform_33_element13\"                           value=\"\"                           data-value=\"\"                           title=\"\"                           placeholder=\"\"                                                       \/><\/div><\/div><\/div><\/div><div class=\"wdform_column\"><div wdid=\"34\" class=\"wdform_row\" style=\"position: relative; left: 0px; top: 0px;\"><div type=\"type_text\" class=\"wdform-field wd-width-100 wd-flex wd-flex-column fm-type_text\" ><div class=\"wdform-label-section wd-width-100 undefined wd-flex-row wd-align-items-center\" style=\"max-width: 600px;\">    <label  for=\"wdform_34_element13\" class=\"wdform-label\">7.2-Em_Qual_Bairro_Reside?<\/label><span class=\"wdform-required\">*<\/span><\/div><div class=\"wdform-element-section wd-flex undefined wd-flex-row wd-align-items-center wd-width-100\" style=\"max-width: 300px;\"><input type=\"text\"                           class=\"wd-width-100\"                           id=\"wdform_34_element13\"                           name=\"wdform_34_element13\"                           value=\"\"                           data-value=\"\"                           title=\"\"                           placeholder=\"\"                                                       \/><\/div><\/div><\/div><\/div><div class=\"wdform_column\"><div wdid=\"25\" class=\"wdform_row\" style=\"position: relative; left: 0px; top: 0px;\"><div type=\"type_own_select\" class=\"wdform-field wd-width-100 wd-flex wd-flex-column fm-type_own_select\" ><div class=\"wdform-label-section wd-width-100 wdform_select wd-flex-row\" style=\"max-width: 600px;\">    <label  for=\"wdform_25_element13\" class=\"wdform-label\">08-Sua_Ocupa\u00e7\u00e3o<\/label><span class=\"wdform-required\">*<\/span><\/div><div class=\"wdform-element-section wd-flex wdform_select wd-flex-row wd-width-100\" style=\"max-width: 300px;\"><select class=\"wd-width-100\" id=\"wdform_25_element13\" name=\"wdform_25_element13\" ><option value=\"\" selected=\"selected\">Escolha uma ocupa\u00e7\u00e3o<\/option><option value=\"BME\" >Bombeiro Militar Estadual<\/option><option value=\"GMU\" >Guarda Municipal (munic\u00edpios)<\/option><option value=\"PCF\" >Policial Camara Federal (DEPOL)<\/option><option value=\"PCE\" >Policial Civil (estadual)<\/option><option value=\"PFN\" >Policial Ferrovi\u00e1rio (federal)<\/option><option value=\"FNS\" >Policial For\u00e7a Nacional (FNS)<\/option><option value=\"PJE\" >Policial Judicial (forum)<\/option><option value=\"PAR\" >PM Policia Aeron\u00e1utica (federal)<\/option><option value=\"PEX\" >PM Policia Ex\u00e9rcito (federal)<\/option><option value=\"PMA\" >PM Policia Marinha (federal)<\/option><option value=\"PME\" >Policial Militar (estadual)<\/option><option value=\"PPE\" >Policial Penal Estadual (estadual)<\/option><option value=\"PPF\" >Policial Penal Federal (federal)<\/option><option value=\"POR\" >Policial Portu\u00e1rio (federal)<\/option><option value=\"PRF\" >Policial Rodoviario (federal)<\/option><option value=\"PLE\" >Policial Legislativo Estadual<\/option><option value=\"PSF\" >Policial Senado Federal (federal)<\/option><\/select><\/div><\/div><\/div><\/div><div class=\"wdform_column\"><div wdid=\"31\" class=\"wdform_row\" style=\"position: relative; left: 0px; top: 0px;\"><div type=\"type_text\" class=\"wdform-field wd-width-100 wd-flex wd-flex-column fm-type_text\" ><div class=\"wdform-label-section wd-width-100 undefined wd-flex-row wd-align-items-center\" style=\"max-width: 300px;\">    <label  for=\"wdform_31_element13\" class=\"wdform-label\">8.1-RG_ou_Matricula<\/label><span class=\"wdform-required\">*<\/span><\/div><div class=\"wdform-element-section wd-flex undefined wd-flex-row wd-align-items-center wd-width-100\" style=\"max-width: 300px;\"><input type=\"text\"                           class=\"wd-width-100\"                           id=\"wdform_31_element13\"                           name=\"wdform_31_element13\"                           value=\"\"                           data-value=\"\"                           title=\"Coloque somente n\u00fameros\"                           placeholder=\"Coloque somente n\u00fameros\"                                                       \/><\/div><\/div><\/div><\/div><div class=\"wdform_column\"><div wdid=\"35\" class=\"wdform_row\" style=\"position: relative; left: 0px; top: 0px;\"><div type=\"type_password\" class=\"wdform-field wd-width-100 wd-flex wd-flex-column fm-type_password\" ><div class=\"wdform-label-section wd-width-100 wdform_input\" style=\"max-width: 300px;\">    <label  for=\"wdform_35_element13\" class=\"wdform-label\">8.2-Crie_Uma_Senha_De_Acesso<\/label><span class=\"wdform-required\">*<\/span><\/div><div class=\"wdform-element-section wd-flex wdform_input wd-width-100\" style=\"max-width: 300px;\"><input type=\"password\"                   class=\"wd-width-100\"                   id=\"wdform_35_element13\"                   name=\"wdform_35_element13\"                    onchange=\"wd_check_confirmation_pass('35', '13', 'Password values don\\'t match')\" \/><\/div><\/div><div type=\"type_password_confirmation\" class=\"wdform-field wd-width-100 wd-flex wd-flex-column fm-type_password_confirmation\" ><div class=\"wdform-label-section wd-width-100 wdform_input\" style=\"max-width: 300px;\">    <label  for=\"wdform_35_1_element13\" class=\"wdform-label\">Confirme_A_Senha<\/label><span class=\"wdform-required\">*<\/span><\/div><div class=\"wdform-element-section wd-flex wdform_input wd-width-100\" style=\"max-width: 300px;\"><input type=\"password\"                     class=\"wd-width-100\"                     id=\"wdform_35_1_element13\"                     name=\"wdform_35_1_element13\"                                          onchange=\"wd_check_confirmation_pass('35', '13', 'Password values don\\'t match')\" \/><\/div><\/div><\/div><\/div><div class=\"wdform_column\"><div wdid=\"23\" class=\"wdform_row\" style=\"position: relative; left: 0px; top: 0px;\"><div type=\"type_date_new\" class=\"wdform-field wd-width-100 wd-flex wd-flex-column fm-type_date_new\" ><div class=\"wdform-label-section wd-width-100  wd-flex-row\" style=\"max-width: 300px;\">    <label  for=\"wdform_23_element13\" class=\"wdform-label\">09-Data_de_Hoje<\/label><span class=\"wdform-required\">*<\/span><\/div><div class=\"wdform-element-section wd-flex  wd-flex-row wd-width-100\" style=\"max-width: 300px;\"><input class=\"wd-width-100\" autocomplete=\"off\" onchange=\"wd_validate(this)\" data-form-id=\"13\" data-wdid=\"23\" data-valid-type=\"date\" type=\"text\" id=\"wdform_23_element13\" data-value=\"\" value=\"\" name=\"wdform_23_element13\"   \/><span id=\"fm-calendar-23\" class=\"dashicons dashicons-calendar-alt wd-calendar-button wd-inline-block\"><\/span><input type=\"hidden\" class=\"hidden_date\" data-format=\"dd\/mm\/yy\" data-min=\"\" data-max=\"\" id=\"wdform_23_button13\" value=\"\" \/><\/div><\/div><\/div><\/div><div class=\"wdform_column\"><div wdid=\"1\" class=\"wdform_row\"><div type=\"type_submit_reset\" class=\"wdform-field wd-width-100 wd-flex wd-flex-column fm-type_submit_reset\" ><div class=\"wdform-element-section wd-flex  wd-flex-row wd-justify-content-center wd-width-100\" ><button  type=\"button\" class=\"button-submit\" onclick=\"fm_submit_form('13');\"  data-ajax=\"0\"><span class=\"fm-submit-loading spinner fm-ico-spinner\"><\/span>Enviar<\/button><button  type=\"button\" class=\"button-reset wd-hidden\" onclick=\"fm_reset_form(13);\" >Reset<\/button><\/div><\/div><\/div><\/div><\/div><div valign=\"top\" class=\"wdform_footer wd-width-100\"><div class=\"wd-width-100\"><div class=\"wd-width-100 wd-table\" style=\"padding-top:10px;\"><div class=\"wd-table-group\"><div id=\"13page_nav1\" class=\"wd-table-row\"><\/div><\/div><\/div><\/div><\/div><\/div><\/div><div class=\"wdform_preload\"><\/div><input type=\"hidden\" name=\"fm-current-page\" value=\"https:\/\/aninva.com.br\/anibrasil\/wp-json\/wp\/v2\/pages\/804\" \/><\/form><\/div><\/p>\n<p style=\"text-align: center;\"><p align=\"center\">\r\n<img decoding=\"async\" class=\"aligncenter wp-image-539 size-full\" src=\"https:\/\/aninva.com.br\/anibrasil\/wp-content\/uploads\/2022\/08\/aninva_faixa_rodape1170x50_2.jpg\" alt=\"\" width=\"100%\" height=\"50\" srcset=\"https:\/\/aninva.com.br\/anibrasil\/wp-content\/uploads\/2022\/08\/aninva_faixa_rodape1170x50_2.jpg 1170w, https:\/\/aninva.com.br\/anibrasil\/wp-content\/uploads\/2022\/08\/aninva_faixa_rodape1170x50_2-300x13.jpg 300w, https:\/\/aninva.com.br\/anibrasil\/wp-content\/uploads\/2022\/08\/aninva_faixa_rodape1170x50_2-1024x44.jpg 1024w, https:\/\/aninva.com.br\/anibrasil\/wp-content\/uploads\/2022\/08\/aninva_faixa_rodape1170x50_2-768x33.jpg 768w\" sizes=\"(max-width: 1170px) 100vw, 1170px\" \/><\/p>\r\n<p align=\"center\">\r\n<span style=\"color: #800000; font-family: verdana, geneva, sans-serif; font-size: 10pt;\">\r\n<\/span><\/p><\/p>\n","protected":false},"excerpt":{"rendered":"","protected":false},"author":1,"featured_media":0,"parent":0,"menu_order":0,"comment_status":"closed","ping_status":"closed","template":"","meta":{"footnotes":""},"class_list":["post-804","page","type-page","status-publish","hentry"],"_links":{"self":[{"href":"https:\/\/aninva.com.br\/anibrasil\/wp-json\/wp\/v2\/pages\/804","targetHints":{"allow":["GET"]}}],"collection":[{"href":"https:\/\/aninva.com.br\/anibrasil\/wp-json\/wp\/v2\/pages"}],"about":[{"href":"https:\/\/aninva.com.br\/anibrasil\/wp-json\/wp\/v2\/types\/page"}],"author":[{"embeddable":true,"href":"https:\/\/aninva.com.br\/anibrasil\/wp-json\/wp\/v2\/users\/1"}],"replies":[{"embeddable":true,"href":"https:\/\/aninva.com.br\/anibrasil\/wp-json\/wp\/v2\/comments?post=804"}],"version-history":[{"count":5,"href":"https:\/\/aninva.com.br\/anibrasil\/wp-json\/wp\/v2\/pages\/804\/revisions"}],"predecessor-version":[{"id":1004,"href":"https:\/\/aninva.com.br\/anibrasil\/wp-json\/wp\/v2\/pages\/804\/revisions\/1004"}],"wp:attachment":[{"href":"https:\/\/aninva.com.br\/anibrasil\/wp-json\/wp\/v2\/media?parent=804"}],"curies":[{"name":"wp","href":"https:\/\/api.w.org\/{rel}","templated":true}]}}