{"id":764,"date":"2024-02-01T17:13:17","date_gmt":"2024-02-01T20:13:17","guid":{"rendered":"https:\/\/aninva.com.br\/anibrasil\/?page_id=764"},"modified":"2025-11-14T16:46:35","modified_gmt":"2025-11-14T19:46:35","slug":"infidelidade","status":"publish","type":"page","link":"https:\/\/aninva.com.br\/anibrasil\/infidelidade\/","title":{"rendered":"Infidelidade Conjugal"},"content":{"rendered":"<p style=\"text-align: center;\"><body>\r\n<p style=\"text-align: center; margin-top:0; margin-bottom:0\">\r\n<img fetchpriority=\"high\" decoding=\"async\" border=\"0\" src=\"https:\/\/i.imgur.com\/A88LpkK.jpg\" width=\"1100\" height=\"120\"><\/p>\r\n<p style=\"text-align: center; margin-top:0; margin-bottom:0\">\r\n<a target=\"_blank\" href=\"https:\/\/chat.whatsapp.com\/IVHaYLH2jl6F23sqM5oFP4\"><img decoding=\"async\" border=\"0\" src=\"https:\/\/i.imgur.com\/Y0iBc2q.png\" width=\"700\" height=\"123\"><\/a><\/p>\r\n\r\n<p class=\"MsoNormal\" style=\"margin: 12px 20px; \" align=\"center\"><b>\r\n<font face=\"Verdana\" color=\"#800000\" size=\"4\">INVESTIGAR \u00c9 A ARTE DE REUNIR EVID\u00caNCIAS \r\nPARA SE COMPROVAR UM FATO<\/font><\/b><\/p>\r\n<p style=\"text-align: center; margin-top:0; margin-bottom:0\">\r\n<font face=\"Verdana\">\r\n<img decoding=\"async\" class=\"aligncenter wp-image-541 size-full\" src=\"https:\/\/i.imgur.com\/3JfpQQ8.png\" alt=\"\" width=\"100%\" height=\"18\" \/><\/font><\/p>\r\n<\/body><\/p>\n<p style=\"text-align: center;\"><body>\r\n\r\n<font face=\"Verdana\" color=\"#990000\">\r\n<body>\r\n<p class=\"MsoNormal\" style=\"margin: 6px 20px\" align=\"justify\">\r\n<font color=\"#800000\"><span style=\"font-family: Verdana; font-weight: 700\">\r\nINFIDELIDADE CONJUGAL<\/span><\/font><\/p>\r\n<p class=\"MsoNormal\" style=\"margin: 6px 20px\" align=\"center\">\r\n&nbsp;<\/p>\r\n<p class=\"MsoNormal\" style=\"text-align: justify; margin: 3px 20px;\" align=\"center\">\r\n<font face=\"Verdana\" color=\"#800000\">Estar casado (a) com uma pessoa da qual se \r\ndesconfia ter uma outra pessoa, fora do casamento, \u00e9 sem sombra de d\u00favidas o \r\nmaior problema que assombra as sociedades mundo a fora.<\/font><\/p>\r\n<p class=\"MsoNormal\" style=\"text-align: justify; margin: 3px 20px;\" align=\"center\">\r\n&nbsp;<\/p>\r\n<p class=\"MsoNormal\" style=\"text-align: justify; margin: 3px 20px;\" align=\"center\">\r\n<font face=\"Verdana\" color=\"#800000\">Um casamento \u00e9 uma comunh\u00e3o entre homem e \r\nmulher, um deve respeito ao outro, n\u00e3o s\u00f3 respeito, mas fidelidade tamb\u00e9m.<\/font><\/p>\r\n<p class=\"MsoNormal\" style=\"text-align: justify; margin: 3px 20px;\" align=\"center\">\r\n&nbsp;<\/p>\r\n<p class=\"MsoNormal\" style=\"text-align: justify; margin: 3px 20px;\" align=\"center\">\r\n<font face=\"Verdana\" color=\"#800000\">Existem pessoas que s\u00f3 se d\u00e3o conta que \r\nforam tra\u00eddas uma vida inteira, depois que o c\u00f4njuge morre, pois \u00e9 nessa hora \r\nque os problemas aparecem, tais como, outra fam\u00edlia, outros filhos, outros bens \r\nem posse de terceiros e uma infinidade de problemas que a infidelidade causa e \r\nquem paga o &quot;pato&quot; \u00e9 quem fica.<\/font><\/p>\r\n<p class=\"MsoNormal\" style=\"text-align: justify; margin: 3px 20px;\" align=\"center\">\r\n&nbsp;<\/p>\r\n<p class=\"MsoNormal\" style=\"text-align: justify; margin: 3px 20px;\" align=\"center\">\r\n<font face=\"Verdana\" color=\"#800000\">No entanto, ningu\u00e9m precisa passar por isso \r\ne ou ser pego de surpresa com uma not\u00edcia dessas, basta ficar atento aos sinais, \r\ne ter maturidade suficiente para descobrir tudo e de fato poder dar um rumo \r\nverdadeiro na sua vida.<\/font><\/p>\r\n<p class=\"MsoNormal\" style=\"text-align: justify; margin: 3px 20px;\" align=\"center\">\r\n&nbsp;<\/p>\r\n<p class=\"MsoNormal\" style=\"text-align: justify; margin: 3px 20px;\" align=\"center\">\r\n<font face=\"Verdana\" color=\"#800000\">Existem homens t\u00e3o canalhas, que por serem \r\nprom\u00edscuos ao extremo, levam para casa doen\u00e7as infecciosas que s\u00e3o capazes de \r\ndeixar seq\u00fcelas internas em suas companheiras, cujo o \u00fanico erro, foi ter se \r\ncasado com essa pessoa.<\/font><\/p>\r\n<p class=\"MsoNormal\" style=\"text-align: justify; margin: 3px 20px;\" align=\"center\">\r\n&nbsp;<\/p>\r\n<p class=\"MsoNormal\" style=\"text-align: justify; margin: 3px 20px;\" align=\"center\">\r\n<font face=\"Verdana\" color=\"#800000\">Sem contar o risco que uma esposa tra\u00edda \r\ncorre. <\/font><\/p>\r\n<p class=\"MsoNormal\" style=\"text-align: justify; margin: 3px 20px;\" align=\"center\">\r\n<font face=\"Verdana\" color=\"#800000\">Podemos dizer que uma mulher cuja o homem \r\nmant\u00e9m o casamento apenas pelo objetivo de n\u00e3o querer se separar para n\u00e3o ter \r\nque dar nada a ela, ou aos seus filhos, corre risco di\u00e1rio de virar um problema \r\na ser finalizado e quando um homem decide isso ele faz sem pensar duas vezes.<\/font><\/p>\r\n<p class=\"MsoNormal\" style=\"text-align: justify; margin: 3px 20px;\" align=\"center\">\r\n&nbsp;<\/p>\r\n<p class=\"MsoNormal\" style=\"text-align: justify; margin: 3px 20px;\" align=\"center\">\r\n<font face=\"Verdana\" color=\"#800000\">Existem v\u00e1rios exemplos na literatura \r\npolicial que comprova isso, tanto quando o agente opressor \u00e9 um homem ou quando \r\nele \u00e9 uma mulher e os motivos para se dar fim a vida de uma pessoa, nesses \r\ncasos, s\u00e3o os mais f\u00fateis poss\u00edveis.<\/font><\/p>\r\n<p class=\"MsoNormal\" style=\"text-align: justify; margin: 3px 20px;\" align=\"center\">\r\n&nbsp;<\/p>\r\n<p class=\"MsoNormal\" style=\"text-align: justify; margin: 3px 20px;\" align=\"center\">\r\n<font face=\"Verdana\" color=\"#800000\">Por isso vigiar e monitorar seu c\u00f4njuge, \r\nn\u00e3o \u00e9 uma quest\u00e3o s\u00f3 de curiosidade ou de invas\u00e3o de privacidade. Podemos at\u00e9 \r\ndizer que \u00e9 uma quest\u00e3o de sobreviv\u00eancia, pois n\u00e3o se sabe, sem investigar, o \r\ngrau de envolvimento que um c\u00f4njuge adultero tem com uma pessoa fora do \r\ncasamento, muito menos pode-se prever o que se passa na cabe\u00e7a de uma pessoa&nbsp; \r\nna posi\u00e7\u00e3o de &quot;amante&quot; pois n\u00e3o se sabe o que essa pessoa \u00e9 capaz de fazer para \r\nse tornar um relacionamento oficial.<\/font><\/p>\r\n<p class=\"MsoNormal\" style=\"text-align: justify; margin: 3px 20px;\" align=\"center\">\r\n&nbsp;<\/p>\r\n<p class=\"MsoNormal\" style=\"text-align: justify; margin: 3px 20px;\" align=\"center\">\r\n<font face=\"Verdana\" color=\"#800000\">Existem dezenas de hist\u00f3rias na literatura \r\npolicial, onde a pessoa na posi\u00e7\u00e3o de amante, tramou para aniquilar a fam\u00edlia \r\noficial de seu amante ou vice e versa.<\/font><\/p>\r\n<p class=\"MsoNormal\" style=\"text-align: justify; margin: 3px 20px;\" align=\"center\">\r\n<font face=\"Verdana\" color=\"#800000\">\u00e9 demasiadamente perigoso conviver, sem \r\nsaber, de uma situa\u00e7\u00e3o dessas por isso, n\u00f3s da <b>ANINVA<\/b>, entendemos que \r\nesse ramo da investiga\u00e7\u00e3o tem que ser milimetricamente orquestrado para que se \r\nobtenha um excelente resultado.<\/font><\/p>\r\n<\/body<\/p>\n<p align=\"center\">\u00a0<body>\r\n<p style=\"text-align: justify; margin-top:0; margin-bottom:0\"><b>\r\n<font face=\"Verdana\" color=\"#800000\">Equipe Ag\u00eancia Aninva<\/font><\/b><\/p>\r\n<p style=\"text-align: justify; margin-top:0; margin-bottom:0\">&nbsp;<\/p>\r\n<p style=\"text-align: justify; margin-top:0; margin-bottom:0\">\r\n<font face=\"Verdana\">\r\n<img decoding=\"async\" class=\"aligncenter wp-image-541 size-full\" src=\"https:\/\/i.imgur.com\/3JfpQQ8.png\" alt=\"\" width=\"100%\" height=\"18\" \/><\/font><\/p>\r\n<p style=\"text-align: center; margin-top:5px; margin-bottom:0\"><b>\r\n<font face=\"Verdana\" color=\"#470A0B\" size=\"2\">AGENCIA ANINVA DE INVESTIGA\u00c7\u00d5ES E \r\nINFORMA\u00c7\u00d5ES LTDA-ME - CNPJ : 200785060001-03 - Desde 2017<\/font><\/b><\/p>\r\n<\/body><\/p>\n<p style=\"text-align: center;\"><a href=\"https:\/\/aninva.com.br\/anibrasil\" title=\"\"><img decoding=\"async\" src=\"https:\/\/counter1.optistats.ovh\/private\/freecounterstat.php?c=f95lzsq2e7btnm4wkzhexcqqdbt2212r\" border=\"0\" title=\"\" alt=\"\"><\/a><\/p>\n","protected":false},"excerpt":{"rendered":"<p>\u00a0<\/p>\n","protected":false},"author":1,"featured_media":0,"parent":0,"menu_order":0,"comment_status":"closed","ping_status":"closed","template":"","meta":{"footnotes":""},"class_list":["post-764","page","type-page","status-publish","hentry"],"_links":{"self":[{"href":"https:\/\/aninva.com.br\/anibrasil\/wp-json\/wp\/v2\/pages\/764","targetHints":{"allow":["GET"]}}],"collection":[{"href":"https:\/\/aninva.com.br\/anibrasil\/wp-json\/wp\/v2\/pages"}],"about":[{"href":"https:\/\/aninva.com.br\/anibrasil\/wp-json\/wp\/v2\/types\/page"}],"author":[{"embeddable":true,"href":"https:\/\/aninva.com.br\/anibrasil\/wp-json\/wp\/v2\/users\/1"}],"replies":[{"embeddable":true,"href":"https:\/\/aninva.com.br\/anibrasil\/wp-json\/wp\/v2\/comments?post=764"}],"version-history":[{"count":6,"href":"https:\/\/aninva.com.br\/anibrasil\/wp-json\/wp\/v2\/pages\/764\/revisions"}],"predecessor-version":[{"id":996,"href":"https:\/\/aninva.com.br\/anibrasil\/wp-json\/wp\/v2\/pages\/764\/revisions\/996"}],"wp:attachment":[{"href":"https:\/\/aninva.com.br\/anibrasil\/wp-json\/wp\/v2\/media?parent=764"}],"curies":[{"name":"wp","href":"https:\/\/api.w.org\/{rel}","templated":true}]}}