{"id":627,"date":"2023-02-16T11:48:27","date_gmt":"2023-02-16T14:48:27","guid":{"rendered":"https:\/\/aninva.com.br\/anibrasil\/?page_id=627"},"modified":"2025-11-14T11:51:49","modified_gmt":"2025-11-14T14:51:49","slug":"controlentpor","status":"publish","type":"page","link":"https:\/\/aninva.com.br\/anibrasil\/controlentpor\/","title":{"rendered":"Controle de Entrada de Pessoas em Condom\u00ednios"},"content":{"rendered":"<p style=\"text-align: center;\"><body>\r\n<p style=\"text-align: center; margin-top:0; margin-bottom:0\">\r\n<img fetchpriority=\"high\" decoding=\"async\" border=\"0\" src=\"https:\/\/i.imgur.com\/A88LpkK.jpg\" width=\"1100\" height=\"120\"><\/p>\r\n<p style=\"text-align: center; margin-top:0; margin-bottom:0\">\r\n<a target=\"_blank\" href=\"https:\/\/chat.whatsapp.com\/IVHaYLH2jl6F23sqM5oFP4\"><img decoding=\"async\" border=\"0\" src=\"https:\/\/i.imgur.com\/Y0iBc2q.png\" width=\"700\" height=\"123\"><\/a><\/p>\r\n\r\n<p class=\"MsoNormal\" style=\"margin: 12px 20px; \" align=\"center\"><b>\r\n<font face=\"Verdana\" color=\"#800000\" size=\"4\">INVESTIGAR \u00c9 A ARTE DE REUNIR EVID\u00caNCIAS \r\nPARA SE COMPROVAR UM FATO<\/font><\/b><\/p>\r\n<p style=\"text-align: center; margin-top:0; margin-bottom:0\">\r\n<font face=\"Verdana\">\r\n<img decoding=\"async\" class=\"aligncenter wp-image-541 size-full\" src=\"https:\/\/i.imgur.com\/3JfpQQ8.png\" alt=\"\" width=\"100%\" height=\"18\" \/><\/font><\/p>\r\n<\/body><\/p>\n<p style=\"text-align: center;\"><body>\r\n<p class=\"MsoNormal\" style=\"margin: 0 20px; \" align=\"justify\">\r\n<b><font face=\"Verdana\" color=\"#800000\">CONTROLE DE ENTRADA \r\nDE PESSOAS EM CONDOM\u00cdNIOS.<\/font><\/b><\/p>\r\n<p class=\"MsoNormal\" style=\"margin: 0 20px;\" align=\"justify\">&nbsp;<\/p>\r\n<p style=\"margin:0 20px; text-align: justify\">\r\n<span style=\"font-family: 'Verdana'; color: #800000\">Voc\u00ea sabia que toda quadrilha \r\nque assalta resid\u00eancias em condom\u00ednio ou at\u00e9 mesmo o condom\u00ednio todo, j\u00e1 estiveram \r\nnele h\u00e1 algum tempo atr\u00e1s por interm\u00e9dio de um de seus comparsas. Calma a\u00ed, eu explico.<\/span><\/p>\r\n<p style=\"margin:0 20px; text-align: justify\">&nbsp;<\/p>\r\n<p style=\"margin:0 20px; text-align: justify\">\r\n<span style=\"font-family: 'Verdana'; color: #800000\">Nenhuma quadrilha que seja \r\nmeramente profissional, vai entrar em um condom\u00ednio, sem saber informa\u00e7\u00f5es b\u00e1sicas \r\nsobre ele.<\/span><\/p>\r\n<p style=\"margin:0 20px; text-align: justify\">&nbsp;<\/p>\r\n<p style=\"margin:0 20px; text-align: justify\">\r\n<span style=\"font-family: 'Verdana'; color: #800000\">Existem ladr\u00f5es sem c\u00e9rebro, \r\nem contra partida, existem ladr\u00f5es com QI muito apurado que usam sua capacidade \r\nmental e cognitiva para arquitetar eventos de grande monta, tais como, assalto em \r\num condom\u00ednios de classe m\u00e9dia alta.<\/span><\/p>\r\n<p style=\"margin:0 20px; text-align: justify\">&nbsp;<\/p>\r\n<p style=\"margin:0 20px; text-align: justify\">\r\n<span style=\"font-family: 'Verdana'; color: #800000\">Tudo come\u00e7a na sua portaria. \r\nDisplicentemente algu\u00e9m passa na sua portaria e pede para deixar um panfleto, oferecendo \r\ndeterminado servi\u00e7o corriqueiro, tais como conserto de aparelhos el\u00e9tricos e eletr\u00f4nicos, \r\npequenos consertos hidr\u00e1ulicos, ou de pintura, ou de alvenaria, em fim qualquer \r\nconserto corriqueiro que existe a possibilidade de ser contatado por algu\u00e9m do condom\u00ednio \r\nque tenha recebido esse panfleto e ou coletado na portaria do pr\u00e9dio.<\/span><\/p>\r\n<p style=\"margin:0 20px; text-align: justify\">&nbsp;<\/p>\r\n<p style=\"margin:0 20px; text-align: justify\">\r\n<span style=\"font-family: 'Verdana'; color: #800000\">N\u00e3o estamos querendo com isso, \r\ndiscriminar esses trabalhadores, por\u00e9m temos a obriga\u00e7\u00e3o de dizer que qualquer pessoa \r\nque entre no seu condom\u00ednio, seja para fazer um conserto, seja para visitar um morador, \r\ndeve ter sua entrada devidamente registrada, de forma simples e r\u00e1pida para que \r\nno futuro seja consultado, caso seja necess\u00e1rio.<\/span><\/p>\r\n<p style=\"margin:0 20px; text-align: justify\">&nbsp;<\/p>\r\n<p style=\"margin:0 20px; text-align: justify\">\r\n<span style=\"font-family: 'Verdana'; color: #800000\">A\u00ed voc\u00ea vai me dizer que j\u00e1 \r\nfaz isso, e eu vou te perguntar, voc\u00ea faz isso de maneira correta?<\/span><\/p>\r\n<p style=\"margin:0 20px; text-align: justify\">&nbsp;<\/p>\r\n<p style=\"margin:0 20px; text-align: justify\">\r\n<span style=\"font-family: 'Verdana'; color: #800000\">Porque n\u00e3o basta s\u00f3 anotar, \r\nesses dados devem ser tratados com muita aten\u00e7\u00e3o, antes mesmo que seja necess\u00e1rio \r\nus\u00e1-los ou consult\u00e1-los pois a preven\u00e7\u00e3o \u00e9 a melhor arma para n\u00e3o ser pego de surpresa.<\/span><\/p>\r\n<p style=\"margin:0 20px; text-align: justify\">&nbsp;<\/p>\r\n<p style=\"margin:0 20px; text-align: justify\">\r\n<span style=\"font-family: 'Verdana'; color: #800000\">N\u00f3s temos uma maneira de agir \r\npara o tratamento desses dados mantendo-os em lugar seguro e guardados para sempre \r\npronto para serem consultados a hora que for necess\u00e1rio consultar.<\/span><\/p>\r\n<p style=\"margin:0 20px; text-align: justify\">&nbsp;<\/p>\r\n<p style=\"margin:0 20px; text-align: justify\">\r\n<span style=\"font-family: 'Verdana'; color: #800000\">Basta que na sua portaria, \r\nhaja um computador ligado a internet, se n\u00e3o houver, n\u00f3s providenciamos isso e ainda \r\nensinamos aos seus porteiros como proceder a cada visitante que queira entrar no \r\ncondom\u00ednio seja ele um visitante de um cond\u00f4mino, ou um prestador de servi\u00e7os, todos \r\nser\u00e3o registrados inibindo assim uma poss\u00edvel a\u00e7\u00e3o de bandidos contra os moradores \r\nde seu condom\u00ednio.<\/span><\/p>\r\n<p style=\"margin:0 20px; text-align: justify\">&nbsp;<\/p>\r\n<p style=\"margin:0 20px; text-align: justify\">\r\n<span style=\"font-family: 'Verdana'; color: #800000\">Voc\u00ea pode at\u00e9 dizer que isso \r\npode tumultuar a sua portaria, pois eu lhe digo que n\u00e3o vai, pelo contr\u00e1rio, tendo \r\num sistema desses implantado em sua portaria, bandido nenhum, vai querer arriscar \r\nentrar em seu condom\u00ednio, pois saber\u00e1 que dados foram coletados de cada pessoa que \r\nentra nele e que est\u00e3o guardados, isso sem contar c\u00e2meras de seguran\u00e7a que provavelmente \r\nseu condom\u00ednio tem.<\/span><\/p>\r\n<p style=\"margin:0 20px; text-align: justify\">&nbsp;<\/p>\r\n<p style=\"margin:0 20px; text-align: justify\">\r\n<span style=\"font-family: 'Verdana'; color: #800000\">Esse servi\u00e7o \u00e9 de primeira \r\nnecessidade, pois sabemos que \u00e9 pela portaria que determinadas pessoas entram dentro \r\nde um condom\u00ednio, tenha essa pessoa consentido conscientemente ou n\u00e3o. Mais informa\u00e7\u00f5es \r\nfa\u00e7a contato conosco atrav\u00e9s do formul\u00e1rio abaixo, teremos um imenso prazer em lhe \r\nprestar qualquer esclarecimento. <\/span><\/p>\r\n<\/body><\/p>\n<p>&nbsp;<\/p>\n<p style=\"text-align: center;\"><body>\r\n<p style=\"text-align: justify; margin-top:0; margin-bottom:0\"><b>\r\n<font face=\"Verdana\" color=\"#800000\">Equipe Ag\u00eancia Aninva<\/font><\/b><\/p>\r\n<p style=\"text-align: justify; margin-top:0; margin-bottom:0\">&nbsp;<\/p>\r\n<p style=\"text-align: justify; margin-top:0; margin-bottom:0\">\r\n<font face=\"Verdana\">\r\n<img decoding=\"async\" class=\"aligncenter wp-image-541 size-full\" src=\"https:\/\/i.imgur.com\/3JfpQQ8.png\" alt=\"\" width=\"100%\" height=\"18\" \/><\/font><\/p>\r\n<p style=\"text-align: center; margin-top:5px; margin-bottom:0\"><b>\r\n<font face=\"Verdana\" color=\"#470A0B\" size=\"2\">AGENCIA ANINVA DE INVESTIGA\u00c7\u00d5ES E \r\nINFORMA\u00c7\u00d5ES LTDA-ME - CNPJ : 200785060001-03 - Desde 2017<\/font><\/b><\/p>\r\n<\/body><\/p>\n<p style=\"text-align: center;\"><a href=\"https:\/\/aninva.com.br\/anibrasil\" title=\"\"><img decoding=\"async\" src=\"https:\/\/counter1.optistats.ovh\/private\/freecounterstat.php?c=f95lzsq2e7btnm4wkzhexcqqdbt2212r\" border=\"0\" title=\"\" alt=\"\"><\/a><\/p>\n","protected":false},"excerpt":{"rendered":"<p>&nbsp;<\/p>\n","protected":false},"author":1,"featured_media":0,"parent":0,"menu_order":0,"comment_status":"closed","ping_status":"closed","template":"","meta":{"footnotes":""},"class_list":["post-627","page","type-page","status-publish","hentry"],"_links":{"self":[{"href":"https:\/\/aninva.com.br\/anibrasil\/wp-json\/wp\/v2\/pages\/627","targetHints":{"allow":["GET"]}}],"collection":[{"href":"https:\/\/aninva.com.br\/anibrasil\/wp-json\/wp\/v2\/pages"}],"about":[{"href":"https:\/\/aninva.com.br\/anibrasil\/wp-json\/wp\/v2\/types\/page"}],"author":[{"embeddable":true,"href":"https:\/\/aninva.com.br\/anibrasil\/wp-json\/wp\/v2\/users\/1"}],"replies":[{"embeddable":true,"href":"https:\/\/aninva.com.br\/anibrasil\/wp-json\/wp\/v2\/comments?post=627"}],"version-history":[{"count":9,"href":"https:\/\/aninva.com.br\/anibrasil\/wp-json\/wp\/v2\/pages\/627\/revisions"}],"predecessor-version":[{"id":989,"href":"https:\/\/aninva.com.br\/anibrasil\/wp-json\/wp\/v2\/pages\/627\/revisions\/989"}],"wp:attachment":[{"href":"https:\/\/aninva.com.br\/anibrasil\/wp-json\/wp\/v2\/media?parent=627"}],"curies":[{"name":"wp","href":"https:\/\/api.w.org\/{rel}","templated":true}]}}