{"id":611,"date":"2022-12-26T21:09:02","date_gmt":"2022-12-27T00:09:02","guid":{"rendered":"https:\/\/aninva.com.br\/anibrasil\/?page_id=611"},"modified":"2025-11-14T11:33:23","modified_gmt":"2025-11-14T14:33:23","slug":"ageope","status":"publish","type":"page","link":"https:\/\/aninva.com.br\/anibrasil\/ageope\/","title":{"rendered":"Agente Operacional (AOP)"},"content":{"rendered":"<p style=\"text-align: center;\"><body>\r\n<p style=\"text-align: center; margin-top:0; margin-bottom:0\">\r\n<img fetchpriority=\"high\" decoding=\"async\" border=\"0\" src=\"https:\/\/i.imgur.com\/A88LpkK.jpg\" width=\"1100\" height=\"120\"><\/p>\r\n<p style=\"text-align: center; margin-top:0; margin-bottom:0\">\r\n<a target=\"_blank\" href=\"https:\/\/chat.whatsapp.com\/IVHaYLH2jl6F23sqM5oFP4\"><img decoding=\"async\" border=\"0\" src=\"https:\/\/i.imgur.com\/Y0iBc2q.png\" width=\"700\" height=\"123\"><\/a><\/p>\r\n\r\n<p class=\"MsoNormal\" style=\"margin: 12px 20px; \" align=\"center\"><b>\r\n<font face=\"Verdana\" color=\"#800000\" size=\"4\">INVESTIGAR \u00c9 A ARTE DE REUNIR EVID\u00caNCIAS \r\nPARA SE COMPROVAR UM FATO<\/font><\/b><\/p>\r\n<p style=\"text-align: center; margin-top:0; margin-bottom:0\">\r\n<font face=\"Verdana\">\r\n<img decoding=\"async\" class=\"aligncenter wp-image-541 size-full\" src=\"https:\/\/i.imgur.com\/3JfpQQ8.png\" alt=\"\" width=\"100%\" height=\"18\" \/><\/font><\/p>\r\n<\/body><\/p>\n<p style=\"text-align: center;\"><body>\r\n<p class=\"MsoNormal\" style=\"margin: 0 20px; \" align=\"justify\">\r\n<font color=\"#800000\"><span style=\"font-family: Verdana; font-weight: 700\">AGENTE \r\nOPERACIONAL (AOP)<\/span><\/font><\/p>\r\n<p class=\"MsoNormal\" style=\"margin: 0 20px; \" align=\"justify\">\r\n&nbsp;<\/p>\r\n<p class=\"MsoNormal\" style=\"text-align: justify; margin: 0 20px;\">\r\n<font color=\"#800000\"><span style=\"font-family: Verdana\"><b>Agente Operacional (AOP)<\/b> \r\n- \u00c9 uma c\u00e9lula humana, que desempenha uma atividade remunerada em sua \u00e1rea de atua\u00e7\u00e3o \r\nonde possui forma\u00e7\u00e3o t\u00e9cnica especializada, seja ela adquirida atrav\u00e9s de estudos \r\nou da pr\u00e1tica pelo tempo que faz uso dela.<\/span><\/font><\/p>\r\n<p class=\"MsoNormal\" style=\"text-align: justify; margin: 0 20px;\">&nbsp;<\/p>\r\n<p class=\"MsoNormal\" style=\"text-align: justify; margin: 0 20px;\">\r\n<font color=\"#800000\"><span style=\"font-family: Verdana\">O(A) <b>Agente Operacional \r\n(AOP) <\/b>Pode ser designado(a) a fazer an\u00e1lise t\u00e9cnica, ou prestar servi\u00e7o \u00e0 Ag\u00eancia \r\nem sua \u00e1rea de atua\u00e7\u00e3o.<\/span><\/font><\/p>\r\n<p class=\"MsoNormal\" style=\"text-align: justify; margin: 0 20px;\">&nbsp;<\/p>\r\n<p class=\"MsoNormal\" style=\"text-align: justify; margin: 0 20px;\">\r\n<font color=\"#800000\"><span style=\"font-family: Verdana\"><b>A necessidade de ter \r\npessoas qualificadas em todos os estados e cidades para desenvolver tarefas de cunho \r\nt\u00e9cnico para uma investiga\u00e7\u00e3o.<\/b><\/span><\/font><\/p>\r\n<p class=\"MsoNormal\" style=\"text-align: justify; margin: 0 20px;\">&nbsp;<\/p>\r\n<p class=\"MsoNormal\" style=\"text-align: justify; margin: 0 20px;\">\r\n<font color=\"#800000\"><span style=\"font-family: Verdana\">Algumas miss\u00f5es necessitam \r\nde uma vigil\u00e2ncia atrav\u00e9s de c\u00e2meras escondidas e nesse caso necessita-se de t\u00e9cnico \r\nhabilitado para instalar essa c\u00e2mera.<\/span><\/font><\/p>\r\n<p class=\"MsoNormal\" style=\"text-align: justify; margin: 0 20px;\">\r\n<font color=\"#800000\"><span style=\"font-family: Verdana\">Algumas miss\u00f5es necessitam \r\nde t\u00e9cnicos especializados em distribui\u00e7\u00e3o e medi\u00e7\u00e3o de energia, g\u00e1s e ou \u00e1gua, \r\ne necessita de t\u00e9cnico especializado para detectar o furto em determinado local.<\/span><\/font><\/p>\r\n<p class=\"MsoNormal\" style=\"text-align: justify; margin: 0 20px;\">\r\n<font color=\"#800000\"><span style=\"font-family: Verdana\">Algumas miss\u00f5es necessitam \r\nde profissionais oficiais (policiais) para abordar determinada pessoa e colher dela \r\na assinatura em cita\u00e7\u00e3o judicial a qual vem se escondendo e se furtando a assinar.<\/span><\/font><\/p>\r\n<p class=\"MsoNormal\" style=\"text-align: justify; margin: 0 20px;\">&nbsp;<\/p>\r\n<p class=\"MsoNormal\" style=\"text-align: justify; margin: 0 20px; \">\r\n<font color=\"#800000\"><span style=\"font-family: Verdana\">Vamos dar alguns exemplos \r\nde <b>Agentes Operacionais (AOP)<\/b>.<\/span><\/font><\/p>\r\n<p class=\"MsoNormal\" style=\"text-align: justify; margin: 0 20px;\">&nbsp;<\/p>\r\n<p class=\"MsoNormal\" style=\"text-align: justify; margin: 0 20px;\">\r\n<font color=\"#800000\"><span style=\"font-family: Verdana\">Um <b>mec\u00e2nico renomado<\/b>, \r\nonde seu conhecimento \u00e9 atestado por anos nessa profiss\u00e3o, est\u00e1 apto a ser um <b>\r\nAgente Operacional (AOP) <\/b>na \u00e1rea de mec\u00e2nica.<\/span><\/font><\/p>\r\n<p class=\"MsoNormal\" style=\"text-align: justify; margin: 0 20px;\">\r\n<font color=\"#800000\"><span style=\"font-family: Verdana\">Tamb\u00e9m est\u00e3o aptos a ser \r\num <b>Agente Operacional (AOP) <\/b>peritos, engenheiros, advogados, m\u00e9dicos, t\u00e9cnicos \r\nem todos os segmentos, contadores, analistas de sistema, motoristas de taxi, caminh\u00e3o, \r\n\u00f4nibus, motoboy, em fim, toda e qualquer profiss\u00e3o formal, ode uma pessoa possa \r\nter vasto conhecimento na sua \u00e1rea de atua\u00e7\u00e3o automaticamente a habilita a ser um\r\n<b>Agente Operacional (AOP).<\/b><\/span><\/font><\/p>\r\n<p class=\"MsoNormal\" style=\"text-align: justify; margin: 0 20px;\">&nbsp;<\/p>\r\n<p class=\"MsoNormal\" style=\"text-align: justify; margin: 0 20px;\">\r\n<font color=\"#800000\"><span style=\"font-family: Verdana\">Um <b>motorista de aplicativo,\r\n<\/b>um <b>taxista<\/b> ou um <b>motociclista<\/b> pode se tornar um Agente Operacional \r\ne se disponibilizar em nosso sistema, para ser convocado a cumprir miss\u00f5es remuneradas.<\/span><\/font><\/p>\r\n<p class=\"MsoNormal\" style=\"text-align: justify; margin: 0 20px;\">\r\n<font color=\"#800000\"><span style=\"font-family: Verdana\">Muitas miss\u00f5es, necessitam \r\nque o alvo seja seguido sem chamar a aten\u00e7\u00e3o. <\/span><\/font><\/p>\r\n<p class=\"MsoNormal\" style=\"text-align: justify; margin: 0 20px;\">\r\n<font color=\"#800000\"><span style=\"font-family: Verdana\">N\u00f3s somos capazes de coordenar \r\nesses profissionais dessa \u00e1rea a desenvolverem uma tarefa remunerada em um curto \r\nespa\u00e7o de tempo.<\/span><\/font><\/p>\r\n<p class=\"MsoNormal\" style=\"text-align: justify; margin: 0 20px;\">&nbsp;<\/p>\r\n<p class=\"MsoNormal\" style=\"text-align: justify; margin: 0 20px;\">\r\n<font color=\"#800000\"><span style=\"font-family: Verdana\">Um <b>Cabista <\/b>(telefonia),<b>\r\n<\/b>um<b> hacker<\/b>,<b> <\/b>ou um <b>t\u00e9cnico em eletr\u00f4nica<\/b> pode se tornar um\r\n<b>Agente Operacional<\/b> e se disponibilizar em nosso sistema, para ser convocado \r\na cumprir miss\u00f5es remuneradas.<\/span><\/font><\/p>\r\n<p class=\"MsoNormal\" style=\"text-align: justify; margin: 0 20px;\">\r\n<font color=\"#800000\"><span style=\"font-family: Verdana\">Profissionais como cabistas, \r\nque trabalham em telefonia s\u00e3o extremamente \u00fateis, pois muitas vezes precisamos \r\ninstalar um impercept\u00edvel dispositivo de vigil\u00e2ncia em determinado local e manter \r\numa vigil\u00e2ncia cerrada via web e esses profissionais s\u00e3o essenciais nessa miss\u00e3o.<\/span><\/font><\/p>\r\n<p class=\"MsoNormal\" style=\"text-align: justify; margin: 0 20px;\">\r\n<font color=\"#800000\"><span style=\"font-family: Verdana\">N\u00e3o menos importante \u00e9 \r\no hacker que pode atrav\u00e9s do seu conhecimento conectar-se a sistemas de informa\u00e7\u00f5es, \r\nassim como o t\u00e9cnico em eletr\u00f4nica que com seus conhecimentos \u00e9 capaz de construir \r\naparelhos simples de uso em monitoramento de pessoas.<\/span><\/font><\/p>\r\n<p class=\"MsoNormal\" style=\"text-align: justify; margin: 0 20px;\">&nbsp;<\/p>\r\n<p class=\"MsoNormal\" style=\"text-align: justify; margin: 0 20px;\">\r\n<font color=\"#800000\"><span style=\"font-family: Verdana\">A <b>Ag\u00eancia ANINVA<\/b>, \r\natua em todo territ\u00f3rio nacional atrav\u00e9s de realiza\u00e7\u00e3o de miss\u00f5es espec\u00edficas em \r\ndeterminadas \u00e1reas de atua\u00e7\u00e3o, bastando para isso, ter na localidade pessoal t\u00e9cnico \r\npr\u00e9 cadastrado e a disposi\u00e7\u00e3o para realizar as tarefas. Por essa raz\u00e3o \u00e9 que a\r\n<b>Ag\u00eancia ANINVA<\/b>, recruta pessoas em todos os segmentos, para que possa ter \r\num amplo espectro de atua\u00e7\u00e3o nessas localidades.<\/span><\/font><\/p>\r\n<p class=\"MsoNormal\" style=\"text-align: justify; margin: 0 20px;\">&nbsp;<\/p>\r\n<p class=\"MsoNormal\" style=\"text-align: justify; margin: 0 20px;\">\r\n<font color=\"#800000\"><span style=\"font-family: Verdana\">Muitas das tarefas que \r\nprestar\u00e3o esses profissionais a Ag\u00eancia, ser\u00e3o para solucionar problemas nem sempre \r\nligados a uma investiga\u00e7\u00e3o propriamente dita, podendo ser no entando uma exig\u00eancia \r\nde determinado contratante.<\/span><\/font><\/p>\r\n<p class=\"MsoNormal\" style=\"text-align: justify; margin: 0 20px;\">\r\n<font color=\"#800000\"><span style=\"font-family: Verdana\">Por exemplo: Um condom\u00ednio \r\nnecessita de um bom pedreiro, mas n\u00e3o quer contratar qualquer um, quer um profissional \r\nque seja certificado, que tenha um hist\u00f3rico de atua\u00e7\u00e3o no ramo, que haja sido investigado \r\ne preparado para adentrar no condom\u00ednio uma vez que n\u00e3o \u00e9 saud\u00e1vel, hoje em dia, \r\nfranquear a entrada em uma resid\u00eancia a qualquer estranho.A Ag\u00eancia indicar\u00e1 esse \r\nprofissional e se responsabilizar\u00e1 por ele e por sua conduta no interior desse condom\u00ednio.<\/span><\/font><\/p>\r\n<\/body><\/p>\n<p style=\"text-align: center;\"><body>\r\n<p style=\"text-align: justify; margin-top:0; margin-bottom:0\"><b>\r\n<font face=\"Verdana\" color=\"#800000\">Equipe Ag\u00eancia Aninva<\/font><\/b><\/p>\r\n<p style=\"text-align: justify; margin-top:0; margin-bottom:0\">&nbsp;<\/p>\r\n<p style=\"text-align: justify; margin-top:0; margin-bottom:0\">\r\n<font face=\"Verdana\">\r\n<img decoding=\"async\" class=\"aligncenter wp-image-541 size-full\" src=\"https:\/\/i.imgur.com\/3JfpQQ8.png\" alt=\"\" width=\"100%\" height=\"18\" \/><\/font><\/p>\r\n<p style=\"text-align: center; margin-top:5px; margin-bottom:0\"><b>\r\n<font face=\"Verdana\" color=\"#470A0B\" size=\"2\">AGENCIA ANINVA DE INVESTIGA\u00c7\u00d5ES E \r\nINFORMA\u00c7\u00d5ES LTDA-ME - CNPJ : 200785060001-03 - Desde 2017<\/font><\/b><\/p>\r\n<\/body><\/p>\n<p style=\"text-align: center;\"><a href=\"https:\/\/aninva.com.br\/anibrasil\" title=\"\"><img decoding=\"async\" src=\"https:\/\/counter1.optistats.ovh\/private\/freecounterstat.php?c=f95lzsq2e7btnm4wkzhexcqqdbt2212r\" border=\"0\" title=\"\" alt=\"\"><\/a><\/p>\n","protected":false},"excerpt":{"rendered":"","protected":false},"author":1,"featured_media":0,"parent":0,"menu_order":0,"comment_status":"closed","ping_status":"closed","template":"","meta":{"footnotes":""},"class_list":["post-611","page","type-page","status-publish","hentry"],"_links":{"self":[{"href":"https:\/\/aninva.com.br\/anibrasil\/wp-json\/wp\/v2\/pages\/611","targetHints":{"allow":["GET"]}}],"collection":[{"href":"https:\/\/aninva.com.br\/anibrasil\/wp-json\/wp\/v2\/pages"}],"about":[{"href":"https:\/\/aninva.com.br\/anibrasil\/wp-json\/wp\/v2\/types\/page"}],"author":[{"embeddable":true,"href":"https:\/\/aninva.com.br\/anibrasil\/wp-json\/wp\/v2\/users\/1"}],"replies":[{"embeddable":true,"href":"https:\/\/aninva.com.br\/anibrasil\/wp-json\/wp\/v2\/comments?post=611"}],"version-history":[{"count":9,"href":"https:\/\/aninva.com.br\/anibrasil\/wp-json\/wp\/v2\/pages\/611\/revisions"}],"predecessor-version":[{"id":981,"href":"https:\/\/aninva.com.br\/anibrasil\/wp-json\/wp\/v2\/pages\/611\/revisions\/981"}],"wp:attachment":[{"href":"https:\/\/aninva.com.br\/anibrasil\/wp-json\/wp\/v2\/media?parent=611"}],"curies":[{"name":"wp","href":"https:\/\/api.w.org\/{rel}","templated":true}]}}