{"id":328,"date":"2019-03-29T12:55:31","date_gmt":"2019-03-29T15:55:31","guid":{"rendered":"https:\/\/aninva.com.br\/anibrasil\/?page_id=328"},"modified":"2022-08-13T09:12:36","modified_gmt":"2022-08-13T12:12:36","slug":"ordemresolucao","status":"publish","type":"page","link":"https:\/\/aninva.com.br\/anibrasil\/ordemresolucao\/","title":{"rendered":"Noticia &#8211; Resolu\u00e7\u00e3o CF-OAB"},"content":{"rendered":"<div align=\"center\">\n<p><img decoding=\"async\" class=\"aligncenter wp-image-541 size-full\" src=\"https:\/\/aninva.com.br\/anibrasil\/wp-content\/uploads\/2022\/08\/faixa_superior_4.jpg\" alt=\"\" width=\"1170\" height=\"30\" \/><\/p>\n<p><span style=\"font-size: 14pt; font-family: 'trebuchet ms', geneva, sans-serif;\"><strong><span style=\"color: #800000;\">RESOLU\u00c7\u00c3O DO CONSELHO FEDERAL DA ORDEM DOS ADVOGADOS DO BRASIL RATIFICA A\u00a0<\/span><span style=\"color: #800000;\">IMPORT\u00c2NCIA DA COLABORA\u00c7\u00c3O DO DETETIVE PARTICULAR NA INVESTIGA\u00c7\u00c3O DEFENSIVA.<\/span><\/strong><\/span><\/p>\n<p style=\"font-family: inherit; font-style: inherit; font-weight: inherit; outline: 0px; vertical-align: baseline; border: 0px none; margin: 0px 5px; padding: 0px; text-align: justify;\" align=\"justify\"><span style=\"color: #800000; font-family: 'trebuchet ms', geneva, sans-serif; font-size: 12pt;\">O trabalho do detetive particular ganha cada vez mais notoriedade na sociedade.<\/span><\/p>\n<p style=\"font-family: inherit; font-style: inherit; font-weight: inherit; outline: 0px; vertical-align: baseline; border: 0px none; margin: 0px 5px; padding: 0px; text-align: justify;\" align=\"justify\"><span style=\"font-size: 12pt; font-family: 'trebuchet ms', geneva, sans-serif; color: #800000;\">N\u00e3o \u00e9 de hoje que a classe dos detetives vem trabalhando incansavelmente em busca do reconhecimento do trabalho destes profissionais para mostrar a sua import\u00e2ncia em situa\u00e7\u00f5es em que se exige uma investiga\u00e7\u00e3o profissional complementar. E os frutos j\u00e1 come\u00e7am a aparecer!<\/span><\/p>\n<p style=\"font-family: inherit; font-style: inherit; font-weight: inherit; outline: 0px; vertical-align: baseline; border: 0px none; margin: 0px 5px; padding: 0px; text-align: justify;\" align=\"justify\"><span style=\"font-size: 12pt; font-family: 'trebuchet ms', geneva, sans-serif; color: #800000;\">Enganam-se aqueles que pensam que o detetive particular s\u00f3 executa investiga\u00e7\u00e3o de problemas de casos conjugais e familiares.<\/span><\/p>\n<p style=\"font-family: inherit; font-style: inherit; font-weight: inherit; outline: 0px; vertical-align: baseline; border: 0px none; margin: 0px 5px; padding: 0px; text-align: justify;\" align=\"justify\"><span style=\"font-size: 12pt; font-family: 'trebuchet ms', geneva, sans-serif; color: #800000;\">Desta vez, o Conselho Federal da OAB se manifestou a respeito da prerrogativa do advogado de exercer o direito de desenvolver por conta pr\u00f3pria ou atrav\u00e9s de colaboradores a atividade de investiga\u00e7\u00e3o defensiva em qualquer fase da persecu\u00e7\u00e3o penal.<\/span><\/p>\n<p style=\"font-family: inherit; font-style: inherit; font-weight: inherit; outline: 0px; vertical-align: baseline; border: 0px none; margin: 0px 5px; padding: 0px; text-align: justify;\" align=\"justify\"><span style=\"font-size: 12pt; font-family: 'trebuchet ms', geneva, sans-serif; color: #800000;\">Segundo o entendimento do Conselho Federal da OAB, a\u00a0atividade de investiga\u00e7\u00e3o defensiva exercida pelo advogado, inclui a realiza\u00e7\u00e3o de dilig\u00eancias investigat\u00f3rias, visando \u00e0 obten\u00e7\u00e3o de elementos destinados \u00e0 produ\u00e7\u00e3o de prova para o oferecimento de queixa, principal ou subsidi\u00e1ria.<\/span><\/p>\n<p style=\"font-family: inherit; font-style: inherit; font-weight: inherit; outline: 0px; vertical-align: baseline; border: 0px none; margin: 0px 5px; padding: 0px; text-align: justify;\" align=\"justify\"><span style=\"font-size: 12pt; font-family: 'trebuchet ms', geneva, sans-serif; color: #800000;\">O reconhecimento do detetive particular e\u00a0outros profissionais como colaboradores da investiga\u00e7\u00e3o defensiva\u00a0 est\u00e1 registrado no Par\u00e1grafo \u00fanico do art. 4\u00b0 da mencionada resolu\u00e7\u00e3o.<\/span><\/p>\n<p style=\"font-family: inherit; font-style: inherit; font-weight: inherit; outline: 0px; vertical-align: baseline; border: 0px none; margin: 0px 5px; padding: 0px; text-align: justify;\" align=\"justify\"><span style=\"font-family: 'trebuchet ms', geneva, sans-serif; font-size: 12pt;\"><span style=\"color: #800000;\">Clique no link e veja a resolu\u00e7\u00e3o na \u00edntegra &#8211;<\/span>\u00a0\u00a0<a style=\"font-style: italic; font-weight: bold; outline: 0px; vertical-align: baseline; color: #336699; text-decoration-line: none; transition: all 0.2s ease 0s; border: 0px none; margin: 0px; padding: 0px;\" href=\"http:\/\/anadipbrasil.org.br\/wp-content\/uploads\/2019\/01\/Resolu\u00e7\u00e3o-OAB-Detetive-1.pdf\">Resolu\u00e7\u00e3o OAB-9.0000.2017.009603-0<\/a><\/span><\/p>\n<p><img fetchpriority=\"high\" decoding=\"async\" class=\"aligncenter wp-image-539 size-full\" src=\"https:\/\/aninva.com.br\/anibrasil\/wp-content\/uploads\/2022\/08\/aninva_faixa_rodape1170x50_2.jpg\" alt=\"\" width=\"1170\" height=\"50\" srcset=\"https:\/\/aninva.com.br\/anibrasil\/wp-content\/uploads\/2022\/08\/aninva_faixa_rodape1170x50_2.jpg 1170w, https:\/\/aninva.com.br\/anibrasil\/wp-content\/uploads\/2022\/08\/aninva_faixa_rodape1170x50_2-300x13.jpg 300w, https:\/\/aninva.com.br\/anibrasil\/wp-content\/uploads\/2022\/08\/aninva_faixa_rodape1170x50_2-1024x44.jpg 1024w, https:\/\/aninva.com.br\/anibrasil\/wp-content\/uploads\/2022\/08\/aninva_faixa_rodape1170x50_2-768x33.jpg 768w\" sizes=\"(max-width: 1170px) 100vw, 1170px\" \/><\/p>\n<a href=\"https:\/\/aninva.com.br\/anibrasil\" title=\"\"><img decoding=\"async\" src=\"https:\/\/counter1.optistats.ovh\/private\/freecounterstat.php?c=f95lzsq2e7btnm4wkzhexcqqdbt2212r\" border=\"0\" title=\"\" alt=\"\"><\/a>\n<\/div>\n","protected":false},"excerpt":{"rendered":"<p>RESOLU\u00c7\u00c3O DO CONSELHO FEDERAL DA ORDEM DOS ADVOGADOS DO BRASIL RATIFICA A\u00a0IMPORT\u00c2NCIA DA COLABORA\u00c7\u00c3O DO DETETIVE PARTICULAR NA INVESTIGA\u00c7\u00c3O DEFENSIVA. O trabalho do detetive particular ganha cada vez mais notoriedade na sociedade. N\u00e3o \u00e9 de hoje que a classe dos detetives vem trabalhando incansavelmente em busca do reconhecimento do trabalho destes profissionais para mostrar a [&hellip;]<\/p>\n","protected":false},"author":1,"featured_media":0,"parent":0,"menu_order":0,"comment_status":"closed","ping_status":"closed","template":"","meta":{"footnotes":""},"class_list":["post-328","page","type-page","status-publish","hentry"],"_links":{"self":[{"href":"https:\/\/aninva.com.br\/anibrasil\/wp-json\/wp\/v2\/pages\/328","targetHints":{"allow":["GET"]}}],"collection":[{"href":"https:\/\/aninva.com.br\/anibrasil\/wp-json\/wp\/v2\/pages"}],"about":[{"href":"https:\/\/aninva.com.br\/anibrasil\/wp-json\/wp\/v2\/types\/page"}],"author":[{"embeddable":true,"href":"https:\/\/aninva.com.br\/anibrasil\/wp-json\/wp\/v2\/users\/1"}],"replies":[{"embeddable":true,"href":"https:\/\/aninva.com.br\/anibrasil\/wp-json\/wp\/v2\/comments?post=328"}],"version-history":[{"count":8,"href":"https:\/\/aninva.com.br\/anibrasil\/wp-json\/wp\/v2\/pages\/328\/revisions"}],"predecessor-version":[{"id":584,"href":"https:\/\/aninva.com.br\/anibrasil\/wp-json\/wp\/v2\/pages\/328\/revisions\/584"}],"wp:attachment":[{"href":"https:\/\/aninva.com.br\/anibrasil\/wp-json\/wp\/v2\/media?parent=328"}],"curies":[{"name":"wp","href":"https:\/\/api.w.org\/{rel}","templated":true}]}}