{"id":274,"date":"2018-11-14T07:59:51","date_gmt":"2018-11-14T10:59:51","guid":{"rendered":"https:\/\/aninva.com.br\/anibrasil\/?page_id=274"},"modified":"2026-04-08T00:15:31","modified_gmt":"2026-04-08T03:15:31","slug":"ageinformacao","status":"publish","type":"page","link":"https:\/\/aninva.com.br\/anibrasil\/ageinformacao\/","title":{"rendered":"AG002 &#8211; Agente De Informa\u00e7\u00e3o"},"content":{"rendered":"<p style=\"text-align: center;\"><body>\r\n<p style=\"text-align: center; margin-top:0; margin-bottom:0\">\r\n<img fetchpriority=\"high\" decoding=\"async\" border=\"0\" src=\"https:\/\/i.imgur.com\/A88LpkK.jpg\" width=\"1100\" height=\"120\"><\/p>\r\n<p style=\"text-align: center; margin-top:0; margin-bottom:0\">\r\n<a target=\"_blank\" href=\"https:\/\/chat.whatsapp.com\/IVHaYLH2jl6F23sqM5oFP4\"><img decoding=\"async\" border=\"0\" src=\"https:\/\/i.imgur.com\/Y0iBc2q.png\" width=\"700\" height=\"123\"><\/a><\/p>\r\n\r\n<p class=\"MsoNormal\" style=\"margin: 12px 20px; \" align=\"center\"><b>\r\n<font face=\"Verdana\" color=\"#800000\" size=\"4\">INVESTIGAR \u00c9 A ARTE DE REUNIR EVID\u00caNCIAS \r\nPARA SE COMPROVAR UM FATO<\/font><\/b><\/p>\r\n<p style=\"text-align: center; margin-top:0; margin-bottom:0\">\r\n<font face=\"Verdana\">\r\n<img decoding=\"async\" class=\"aligncenter wp-image-541 size-full\" src=\"https:\/\/i.imgur.com\/3JfpQQ8.png\" alt=\"\" width=\"100%\" height=\"18\" \/><\/font><\/p>\r\n<\/body><\/p>\n<p style=\"text-align: center;\"><body>\r\n<p class=\"MsoNormal\" style=\"margin: 0 20px; \" align=\"justify\">\r\n<font color=\"#800000\" face=\"Verdana\">\r\n<span style=\"font-family: Aeial; font-weight: 700\">AG001 - Agente De \r\nInvestiga\u00e7\u00f5es.<\/span><\/font><\/p>\r\n<p class=\"MsoNormal\" style=\"margin: 0 20px\" align=\"justify\">&nbsp;<\/p>\r\n<p class=\"MsoNormal\" style=\"text-align: justify; margin: 0 20px;\" align=\"center\">\r\n<font face=\"Verdana\" color=\"#800000\">A <b>investiga\u00e7\u00e3o<\/b> est\u00e1 diretamente relacionada \r\na coleta, comprova\u00e7\u00e3o e aprimoramento da qualidade de uma informa\u00e7\u00e3o e por conseq\u00fc\u00eancia \r\ndisso ela deve ser comandada por um t\u00e9cnico no t\u00f3pico a ser investigado.<\/font><\/p>\r\n<p class=\"MsoNormal\" style=\"text-align: justify; margin: 0 20px;\" align=\"center\">&nbsp;<\/p>\r\n<p class=\"MsoNormal\" style=\"text-align: justify; margin: 0 20px;\" align=\"center\">\r\n<font face=\"Verdana\" color=\"#800000\">Para ser um <b>AG001 - A<\/b>g<b>ente De \r\nInvestiga\u00e7\u00f5es<\/b> \r\n, voc\u00ea precisa ser comprovadamente investigador particular h\u00e1 mais de 1(ano)&nbsp;ou \r\nestar vinculado a uma das for\u00e7as de seguran\u00e7a brasileira.<\/font><\/p>\r\n<p class=\"MsoNormal\" style=\"text-align: justify; margin: 0 20px;\" align=\"center\">\r\n<font face=\"Verdana\" color=\"#800000\">Sendo voc\u00ea um <b>FUNCION\u00c1RIO P\u00daBLICO<\/b> ou \r\nestar lotado em alguma institui\u00e7\u00e3o p\u00fablica de seguran\u00e7a, <b>Pol\u00edcias<\/b> em geral \r\nou <b>Guardas Municipais<\/b> dever\u00e1 apresentar a identidade funcional.<\/font><\/p>\r\n<p class=\"MsoNormal\" style=\"text-align: justify; margin: 0 20px;\" align=\"center\">&nbsp;<\/p>\r\n<p class=\"MsoNormal\" style=\"text-align: justify; margin: 0 20px;\" align=\"center\">\r\n<font face=\"Verdana\" color=\"#800000\">Qualquer investigador particular, que tenha \r\ntempo de experi\u00eancia comprovada de no m\u00ednimo 5 (cinco) anos.<\/font><\/p>\r\n<p class=\"MsoNormal\" style=\"text-align: justify; margin: 0 20px;\" align=\"center\">\r\n<font face=\"Verdana\" color=\"#800000\">Qualquer investigador particular que tenha \r\ncurso de especializa\u00e7\u00e3o nessa \u00e1rea e que efetivamente, milite nessa \u00e1rea h\u00e1 mais de 1(um) ano, pode fazer parte \r\ndo nosso corpo de investigadores.<\/font><\/p>\r\n<p class=\"MsoNormal\" style=\"text-align: justify; margin: 0 20px;\" align=\"center\">&nbsp;<\/p>\r\n<p class=\"MsoNormal\" style=\"text-align: justify; margin: 0 20px;\" align=\"center\">\r\n<font face=\"Verdana\" color=\"#800000\">Os <b>Agentes De Investiga\u00e7\u00e3o<\/b>, s\u00e3o aqueles \r\nque executam uma investiga\u00e7\u00e3o diretamente ou coordenam&nbsp; um grupo de pessoas \r\npreparadas para desenvolver essa tarefa.<\/font><\/p>\r\n<p class=\"MsoNormal\" style=\"text-align: justify; margin: 0 20px;\" align=\"center\">&nbsp;<\/p>\r\n<p class=\"MsoNormal\" style=\"text-align: justify; margin: 0 20px;\" align=\"center\">\r\n<font face=\"Verdana\" color=\"#800000\">A sede da <b>ANINVA<\/b> fica no Rio de Janeiro, \r\npor\u00e9m o alcance da <b>ANINVA<\/b> se d\u00e1 em todo territ\u00f3rio nacional, em qualquer \r\nlocalidade que esteja no \u00e2mbito de atua\u00e7\u00e3o de um <b>AG001 - A<\/b>g<b>ente De \r\nInvestiga\u00e7\u00f5es<\/b> \r\nda\r\n<b>ANINVA<\/b>.<\/font><\/p>\r\n<p class=\"MsoNormal\" style=\"text-align: justify; margin: 0 20px;\" align=\"center\">&nbsp;<\/p>\r\n<p class=\"MsoNormal\" style=\"text-align: justify; margin: 0 20px;\" align=\"center\">\r\n<u><b><font face=\"Verdana\" color=\"#800000\">Diferen\u00e7a entre pesquisa e investiga\u00e7\u00e3o.<\/font><\/b><\/u><\/p>\r\n<p class=\"MsoNormal\" style=\"text-align: justify; margin: 0 20px;\" align=\"center\">&nbsp;<\/p>\r\n<p class=\"MsoNormal\" style=\"text-align: justify; margin: 0 20px;\" align=\"center\">\r\n<font face=\"Verdana\" color=\"#800000\">Muitas pessoas fazem uma confus\u00e3o ao tentar \r\ndefinir <b>pesquisa<\/b> e <b>investiga\u00e7\u00e3o<\/b>, <\/font><\/p>\r\n<p class=\"MsoNormal\" style=\"text-align: justify; margin: 0 20px;\" align=\"center\">\r\n<font face=\"Verdana\" color=\"#800000\">O fato \u00e9 que toda investiga\u00e7\u00e3o, tamb\u00e9m \u00e9 \r\nnecessariamente uma pesquisa, por\u00e9m nem toda pesquisa \u00e9 necessariamente uma \r\ninvestiga\u00e7\u00e3o.<\/font><\/p>\r\n<p class=\"MsoNormal\" style=\"text-align: justify; margin: 0 20px;\" align=\"center\">\r\n&nbsp;<\/p>\r\n<p class=\"MsoNormal\" style=\"text-align: justify; margin: 0 20px;\" align=\"center\">\r\n<font face=\"Verdana\" color=\"#800000\">Pesquisa : Quando voc\u00ea procura informa\u00e7\u00f5es \r\nou opini\u00f5es que j\u00e1 existem sobre determinado t\u00f3pico em fontes espec\u00edficas de consulta, \r\nisso \u00e9 uma PESQUISA..<\/font><\/p>\r\n<p class=\"MsoNormal\" style=\"text-align: justify; margin: 0 20px;\" align=\"center\">\r\n<font face=\"Verdana\" color=\"#800000\">Investiga\u00e7\u00e3o : Quando voc\u00ea descobre novos fatos que s\u00e3o \r\ncapazes de aprimorar ou depreciar, corroborar ou desmentir, determinadas informa\u00e7\u00f5es \r\nsobre determinado t\u00f3pico isso \u00e9 uma INVESTIGA\u00c7\u00c3O.<\/font><\/p>\r\n<p class=\"MsoNormal\" style=\"text-align: justify; margin: 0 20px;\" align=\"center\">&nbsp;<\/p>\r\n<p class=\"MsoNormal\" style=\"margin: 0 20px; \" align=\"justify\">\r\n<font color=\"#800000\" face=\"Verdana\"><span style=\"font-family: Aeial\"><b>A Pesquisa<\/b>.<\/span><\/font><\/p>\r\n<p class=\"MsoNormal\" style=\"margin: 0 20px; \" align=\"justify\">&nbsp;<\/p>\r\n<p class=\"MsoNormal\" style=\"text-align: justify; margin: 0 20px;\" align=\"center\">\r\n<font color=\"#800000\" face=\"Verdana\"><span style=\"font-family: Aeial\">Vamos dar um exemplo de\r\n<b>pesquisa<\/b>: Um bot\u00e2nico descobre uma fam\u00edlia diferente de uma determinada planta \r\nem suas pesquisas na Floresta Amaz\u00f4nica. <\/span><\/font><\/p>\r\n<p class=\"MsoNormal\" style=\"text-align: justify; margin: 0 20px;\" align=\"center\">\r\n<font color=\"#800000\" face=\"Verdana\"><span style=\"font-family: Aeial\">Para determinar a fam\u00edlia a qual pertence \r\nessa planta, o bot\u00e2nico usar\u00e1 dados (padr\u00f5es) que j\u00e1 existem nesse universo, para \r\ndeterminar que planta \u00e9 essa e a qual fam\u00edlia pertence de fato.<\/span><\/font><\/p>\r\n<p class=\"MsoNormal\" style=\"text-align: justify; margin: 0 20px;\" align=\"center\">\r\n<font color=\"#800000\" face=\"Verdana\"><span style=\"font-family: Aeial\">Ou seja, contar\u00e1 com um \r\nbanco de informa\u00e7\u00f5es que foi composto por outros pesquisadores e que j\u00e1 est\u00e3o certificados \r\nna bot\u00e2nica atual.<\/span><\/font><\/p>\r\n<p class=\"MsoNormal\" style=\"text-align: justify; margin: 0 20px;\" align=\"center\">&nbsp;<\/p>\r\n<p class=\"MsoNormal\" style=\"text-align: justify; margin: 0 20px;\" align=\"center\">\r\n<font color=\"#800000\" face=\"Verdana\"><span style=\"font-family: Aeial\">Agora, vamos dar um exemplo \r\nde <b>investiga\u00e7\u00e3o<\/b>.<\/span><\/font><\/p>\r\n<p class=\"MsoNormal\" style=\"text-align: justify; margin: 0 20px;\" align=\"center\">\r\n<font color=\"#800000\" face=\"Verdana\"><span style=\"font-family: Aeial\">Um homem passa mal em via \r\np\u00fablica, ent\u00e3o ele cai desmaiado e uma pessoa mal-intencionada, ao inv\u00e9s de socorr\u00ea-lo, \r\nao ver que seu telefone celular est\u00e1 a poucos cent\u00edmetros de dist\u00e2ncia dele, furta \r\no aparelho.<\/span><\/font><\/p>\r\n<p class=\"MsoNormal\" style=\"text-align: justify; margin: 0 20px;\" align=\"center\">\r\n&nbsp;<\/p>\r\n<p class=\"MsoNormal\" style=\"text-align: justify; margin: 0 20px;\" align=\"center\">\r\n<font color=\"#800000\" face=\"Verdana\"><span style=\"font-family: Aeial\">A fam\u00edlia desse homem faz \r\num registro de ocorr\u00eancia, em uma delegacia, cuja o motivo \u00e9 o desaparecimento desse \r\ncelular.<\/span><\/font><\/p>\r\n<p class=\"MsoNormal\" style=\"text-align: justify; margin: 0 20px;\" align=\"center\">\r\n<font color=\"#800000\" face=\"Verdana\"><span style=\"font-family: Aeial\">Sendo assim, a delegacia \r\nvai come\u00e7ar uma <b>investiga\u00e7\u00e3o<\/b> para descobrir onde foi parar esse celular.<\/span><\/font><\/p>\r\n<p class=\"MsoNormal\" style=\"text-align: justify; margin: 0 20px;\" align=\"center\">\r\n<font color=\"#800000\" face=\"Verdana\"><span style=\"font-family: Aeial\">Alguns recursos de consulta \r\ndever\u00e3o ser usados para que se descubra o deslocamento desse aparelho ou at\u00e9 mesmo \r\nquem est\u00e1 usando esse aparelho depois que foi subtra\u00eddo da v\u00edtima.<\/span><\/font><\/p>\r\n<p class=\"MsoNormal\" style=\"text-align: justify; margin: 0 20px;\" align=\"center\">&nbsp;<\/p>\r\n<p class=\"MsoNormal\" style=\"text-align: justify; margin: 0 20px;\" align=\"center\">\r\n<font face=\"Verdana\" color=\"#800000\">Em tese, podemos definir que a pesquisa <b>\r\nre\u00fane<\/b> dados de um universo de informa\u00e7\u00f5es j\u00e1 estabelecido e existente. <\/font><\/p>\r\n<p class=\"MsoNormal\" style=\"text-align: justify; margin: 0 20px;\" align=\"center\">\r\n&nbsp;<\/p>\r\n<p class=\"MsoNormal\" style=\"text-align: justify; margin: 0 20px;\" align=\"center\">\r\n<font face=\"Verdana\" color=\"#800000\">J\u00e1 a \r\ninvestiga\u00e7\u00e3o <b>desvenda<\/b> dados de um universo ainda em forma\u00e7\u00e3o e n\u00e3o existente.<\/font><\/p>\r\n<p class=\"MsoNormal\" style=\"text-align: justify; margin: 0 20px;\" align=\"center\">&nbsp;<\/p>\r\n<p class=\"MsoNormal\" style=\"text-align: justify; margin: 0 20px;\" align=\"center\">\r\n<font color=\"#800000\" face=\"Verdana\"><span style=\"font-family: Aeial\">Os <\/span> <b>\r\nAG001 - A<\/b>g<b>ente De Investiga\u00e7\u00f5es<\/b><span style=\"font-family: Aeial\">&nbsp; \r\ns\u00e3o as c\u00e9lulas humanas e t\u00e9cnicas respons\u00e1veis por dar in\u00edcio e prosseguimento a \r\numa investiga\u00e7\u00e3o.<\/span><\/font><\/p>\r\n<p class=\"MsoNormal\" style=\"text-align: justify; margin: 0 20px;\" align=\"center\">&nbsp;<\/p>\r\n<p class=\"MsoNormal\" style=\"text-align: justify; margin: 0 20px;\" align=\"center\">\r\n<font color=\"#800000\" face=\"Verdana\">\r\n<span style=\"font-family: Aeial; font-weight: 700\">A Investiga\u00e7\u00e3o.<\/span><\/font><\/p>\r\n<p class=\"MsoNormal\" style=\"text-align: justify; margin: 0 20px;\" align=\"center\">\r\n&nbsp;<\/p>\r\n<p class=\"MsoNormal\" style=\"text-align: justify; margin: 0 20px;\" align=\"center\">\r\n<font color=\"#800000\" face=\"Verdana\"><span style=\"font-family: Aeial\">A investiga\u00e7\u00e3o consiste \r\nem certificar fatos prov\u00e1veis ou fatos reais, na grande maioria das vezes, comprova-se \r\nque fatos tidos como reais, n\u00e3o s\u00e3o reais, enquanto outros tidos como inver\u00eddicos \r\ne n\u00e3o prov\u00e1veis s\u00e3o os que de fato s\u00e3o reais.<\/span><\/font><\/p>\r\n<p class=\"MsoNormal\" style=\"text-align: justify; margin: 0 20px;\" align=\"center\">&nbsp;<\/p>\r\n<p class=\"MsoNormal\" style=\"text-align: justify; margin: 0 20px;\" align=\"center\">\r\n<font face=\"Verdana\" color=\"#800000\">A investiga\u00e7\u00e3o, se prende a detalhes, tais \r\ncomo pegadas, digitais, local de crime, c\u00e2meras, eventos passados etc. <\/font><\/p>\r\n<p class=\"MsoNormal\" style=\"text-align: justify; margin: 0 20px;\" align=\"center\">\r\n<font face=\"Verdana\" color=\"#800000\">\u00c9 esse conjunto de informa\u00e7\u00f5es e mais outras \r\nque possibilitam um investigador direcionar o investigador por determinado caminho.<\/font><\/p>\r\n<p class=\"MsoNormal\" style=\"text-align: justify; margin: 0 20px;\" align=\"center\">\r\n<font face=\"Verdana\" color=\"#800000\">Um investigador, antes de tudo, tem que ser \r\numa pessoa curiosa, que quer esmiu\u00e7ar qualquer informa\u00e7\u00e3o a ponto de querer encontrar \r\nnela um caminho para desvendar uma investiga\u00e7\u00e3o. <\/font><\/p>\r\n<p class=\"MsoNormal\" style=\"text-align: justify; margin: 0 20px;\" align=\"center\">\r\n<font face=\"Verdana\" color=\"#800000\">Um investigador, tem que esgotar todas as possibilidades \r\ne guiar-se pelo caminho certo escolhendo por elimina\u00e7\u00e3o e baseado em \r\nprobabilidades dentre dezenas de caminhos poss\u00edveis \r\n.<\/font><\/p>\r\n<p class=\"MsoNormal\" style=\"text-align: justify; margin: 0 20px;\" align=\"center\">&nbsp;<\/p>\r\n<p class=\"MsoNormal\" style=\"text-align: justify; margin: 0 20px;\" align=\"center\">\r\n<font face=\"Verdana\" color=\"#800000\">Por essa raz\u00e3o, n\u00e3o consideramos o <b>pesquisador\r\n<\/b>(agente de informa\u00e7\u00e3o)<b> <\/b>, como um <b>investigador <\/b>(AG001 - Agente \r\nDe Investiga\u00e7\u00f5es), \r\npois o pesquisador apenas coleta e re\u00fane dados j\u00e1 comprovados, e o investigador forma \r\na sua tese em fatos descobertos por ele.<\/font><\/p>\r\n<p class=\"MsoNormal\" style=\"text-align: justify; margin: 0 20px;\" align=\"center\">&nbsp;<\/p>\r\n<p class=\"MsoNormal\" style=\"text-align: justify; margin: 0 20px;\" align=\"center\">\r\n<font face=\"Verdana\" color=\"#800000\"><b>A criatividade para obter a informa\u00e7\u00e3o<\/b>:<\/font><\/p>\r\n<p class=\"MsoNormal\" style=\"text-align: justify; margin: 0 20px;\" align=\"center\">&nbsp;<\/p>\r\n<p class=\"MsoNormal\" style=\"text-align: justify; margin: 0 20px;\" align=\"center\">\r\n<font face=\"Verdana\" color=\"#800000\">O investigador deve ser criativo ao selecionar \r\ncaminhos que v\u00e3o orientar uma investiga\u00e7\u00e3o. <\/font><\/p>\r\n<p class=\"MsoNormal\" style=\"text-align: justify; margin: 0 20px;\" align=\"center\">\r\n<font face=\"Verdana\" color=\"#800000\">Aliada a t\u00e9cnica investigativa, a criatividade \r\n\u00e9 a ferramenta mais eficaz para se chegar a uma solu\u00e7\u00e3o, como por exemplo infiltrar-se \r\nem um determinados grupo usando disfarces ou se parecendo como um do grupo ou ainda \r\nposicionando equipamentos eletr\u00f4nicos a fim de capturar fragmentos de informa\u00e7\u00e3o \r\nque possam ajudar na conclus\u00e3o de uma investiga\u00e7\u00e3o.<\/font><\/p>\r\n<p class=\"MsoNormal\" style=\"text-align: justify; margin: 0 20px;\" align=\"center\">&nbsp;<\/p>\r\n<p class=\"MsoNormal\" style=\"text-align: justify; margin: 0 20px;\" align=\"center\">\r\n<font face=\"Verdana\" color=\"#800000\">Nos dias de hoje, ouso afirmar, que bons investigadores \r\ndet\u00e9m conhecimentos essenciais de inform\u00e1tica, eletr\u00f4nica, programas de computador, \r\nt\u00e9cnicas de observa\u00e7\u00e3o a dist\u00e2ncia, t\u00e9cnicas de monitoramento eletr\u00f4nico, t\u00e9cnicas \r\nde infiltra\u00e7\u00e3o de pessoas em determinados ambientes, habilidade para criar eventos \r\nque v\u00e3o incidir na informa\u00e7\u00e3o que precisa, conhecimento de direito pois tem que \r\nconhecer determinados dispositivos legais para se desenvolver determinadas investiga\u00e7\u00f5es \r\nsem cometer um crime no decorrer dessa miss\u00e3o, t\u00e9cnicas em fontes de informa\u00e7\u00e3o \r\ne banco de dados e muitas outras coisas mais, dependendo do nicho em que vai atuar \r\npara investigar.<\/font><\/p>\r\n<p class=\"MsoNormal\" style=\"text-align: justify; margin: 0 20px;\" align=\"center\">&nbsp;<\/p>\r\n<p class=\"MsoNormal\" style=\"text-align: justify; margin: 0 20px;\" align=\"center\">\r\n<font face=\"Verdana\" color=\"#800000\">Antigamente, um informante, vulgarmente chamado \r\nde ARAPONGA, era aquele cara que descobria tudo com o seu trabalho e sem muitos \r\nrecursos, ou de ouvir dizer, ou de comparar eventos ou ainda de arrancar a verdade \r\na todo custo o que j\u00e1 n\u00e3o \u00e9 permitido nos dias de hoje.<\/font><\/p>\r\n<p class=\"MsoNormal\" style=\"text-align: justify; margin: 0 20px;\" align=\"center\">&nbsp;<\/p>\r\n<p class=\"MsoNormal\" style=\"text-align: justify; margin: 0 20px;\" align=\"center\">\r\n<font face=\"Verdana\" color=\"#800000\">Hoje, voc\u00ea tem que primeiro ter conhecimento \r\nda lei que vai incidir em sua tarefa, por que se voc\u00ea desenvolver sua tarefa infringindo \r\na lei, voc\u00ea corre o risco de ser preso desenvolvendo seu trabalho, seja o investigado \r\num homem rico ou mesmo um meliante comum.<\/font><\/p>\r\n<p class=\"MsoNormal\" style=\"text-align: justify; margin: 0 20px;\" align=\"center\">&nbsp;<\/p>\r\n<p class=\"MsoNormal\" style=\"text-align: justify; margin: 0 20px;\" align=\"center\">\r\n<font face=\"Verdana\" color=\"#800000\">Torne-se um <\/font><b>\r\n<font color=\"#800000\" face=\"Verdana\"><span style=\"font-family: Aeial\">AG001 - \r\nAgente De Investiga\u00e7\u00f5es da ANINVA.<\/span><\/font><\/b><\/p>\r\n<p class=\"MsoNormal\" style=\"text-align: justify; margin: 0 20px;\" align=\"center\">\r\n&nbsp;<\/p>\r\n<p class=\"MsoNormal\" style=\"text-align: justify; margin: 0 20px;\" align=\"center\">\r\n<font face=\"Verdana\" color=\"#800000\">Para voc\u00ea se tornar um <b>AG001 - Agente De \r\nInvestiga\u00e7\u00f5es <\/b>voc\u00ea dever\u00e1 iniciar se tornando um AG002 - Agente De \r\nInforma\u00e7\u00e3o.<\/font><\/p>\r\n<p class=\"MsoNormal\" style=\"text-align: justify; margin: 0 20px;\" align=\"center\">\r\n&nbsp;<\/p>\r\n<p class=\"MsoNormal\" style=\"text-align: justify; margin: 0 20px;\" align=\"center\">\r\n<font face=\"Verdana\" color=\"#800000\">fazendo uma inscri\u00e7\u00e3o pr\u00e9via e sem custo nenhum, \r\nvoc\u00ea se disponibiliza \r\ne n\u00f3s te ensinaremos o b\u00e1sico para voc\u00ea se tornar um <b>AG001 - Agente De \r\nInvestiga\u00e7\u00e3o<\/b>.<\/font><\/p>\r\n<p class=\"MsoNormal\" style=\"text-align: justify; margin: 0 20px;\" align=\"center\">&nbsp;<\/p>\r\n<p class=\"MsoNormal\" style=\"text-align: justify; margin: 0 20px;\" align=\"center\">&nbsp;<\/p>\r\n<p class=\"MsoNormal\" style=\"text-align: justify; margin: 0 20px;\" align=\"center\">&nbsp;<\/p>\r\n<\/body>\r\n<\/body><\/p>\n<p>&nbsp;<\/p>\n<p style=\"text-align: center;\"><body>\r\n<p style=\"text-align: justify; margin-top:0; margin-bottom:0\"><b>\r\n<font face=\"Verdana\" color=\"#800000\">Equipe Ag\u00eancia Aninva<\/font><\/b><\/p>\r\n<p style=\"text-align: justify; margin-top:0; margin-bottom:0\">&nbsp;<\/p>\r\n<p style=\"text-align: justify; margin-top:0; margin-bottom:0\">\r\n<font face=\"Verdana\">\r\n<img decoding=\"async\" class=\"aligncenter wp-image-541 size-full\" src=\"https:\/\/i.imgur.com\/3JfpQQ8.png\" alt=\"\" width=\"100%\" height=\"18\" \/><\/font><\/p>\r\n<p style=\"text-align: center; margin-top:5px; margin-bottom:0\"><b>\r\n<font face=\"Verdana\" color=\"#470A0B\" size=\"2\">AGENCIA ANINVA DE INVESTIGA\u00c7\u00d5ES E \r\nINFORMA\u00c7\u00d5ES LTDA-ME - CNPJ : 200785060001-03 - Desde 2017<\/font><\/b><\/p>\r\n<\/body><\/p>\n<p style=\"text-align: center;\"><a href=\"https:\/\/aninva.com.br\/anibrasil\" title=\"\"><img decoding=\"async\" src=\"https:\/\/counter1.optistats.ovh\/private\/freecounterstat.php?c=f95lzsq2e7btnm4wkzhexcqqdbt2212r\" border=\"0\" title=\"\" alt=\"\"><\/a><\/p>\n","protected":false},"excerpt":{"rendered":"<p>&nbsp;<\/p>\n","protected":false},"author":1,"featured_media":0,"parent":0,"menu_order":0,"comment_status":"closed","ping_status":"closed","template":"","meta":{"footnotes":""},"class_list":["post-274","page","type-page","status-publish","hentry"],"_links":{"self":[{"href":"https:\/\/aninva.com.br\/anibrasil\/wp-json\/wp\/v2\/pages\/274","targetHints":{"allow":["GET"]}}],"collection":[{"href":"https:\/\/aninva.com.br\/anibrasil\/wp-json\/wp\/v2\/pages"}],"about":[{"href":"https:\/\/aninva.com.br\/anibrasil\/wp-json\/wp\/v2\/types\/page"}],"author":[{"embeddable":true,"href":"https:\/\/aninva.com.br\/anibrasil\/wp-json\/wp\/v2\/users\/1"}],"replies":[{"embeddable":true,"href":"https:\/\/aninva.com.br\/anibrasil\/wp-json\/wp\/v2\/comments?post=274"}],"version-history":[{"count":32,"href":"https:\/\/aninva.com.br\/anibrasil\/wp-json\/wp\/v2\/pages\/274\/revisions"}],"predecessor-version":[{"id":1023,"href":"https:\/\/aninva.com.br\/anibrasil\/wp-json\/wp\/v2\/pages\/274\/revisions\/1023"}],"wp:attachment":[{"href":"https:\/\/aninva.com.br\/anibrasil\/wp-json\/wp\/v2\/media?parent=274"}],"curies":[{"name":"wp","href":"https:\/\/api.w.org\/{rel}","templated":true}]}}