{"id":207,"date":"2018-11-13T08:45:49","date_gmt":"2018-11-13T11:45:49","guid":{"rendered":"https:\/\/aninva.com.br\/anibrasil\/?page_id=207"},"modified":"2025-11-14T11:31:43","modified_gmt":"2025-11-14T14:31:43","slug":"quemsomos","status":"publish","type":"page","link":"https:\/\/aninva.com.br\/anibrasil\/quemsomos\/","title":{"rendered":"Quem Somos"},"content":{"rendered":"<p style=\"text-align: center;\"><body>\r\n<p style=\"text-align: center; margin-top:0; margin-bottom:0\">\r\n<img fetchpriority=\"high\" decoding=\"async\" border=\"0\" src=\"https:\/\/i.imgur.com\/A88LpkK.jpg\" width=\"1100\" height=\"120\"><\/p>\r\n<p style=\"text-align: center; margin-top:0; margin-bottom:0\">\r\n<a target=\"_blank\" href=\"https:\/\/chat.whatsapp.com\/IVHaYLH2jl6F23sqM5oFP4\"><img decoding=\"async\" border=\"0\" src=\"https:\/\/i.imgur.com\/Y0iBc2q.png\" width=\"700\" height=\"123\"><\/a><\/p>\r\n\r\n<p class=\"MsoNormal\" style=\"margin: 12px 20px; \" align=\"center\"><b>\r\n<font face=\"Verdana\" color=\"#800000\" size=\"4\">INVESTIGAR \u00c9 A ARTE DE REUNIR EVID\u00caNCIAS \r\nPARA SE COMPROVAR UM FATO<\/font><\/b><\/p>\r\n<p style=\"text-align: center; margin-top:0; margin-bottom:0\">\r\n<font face=\"Verdana\">\r\n<img decoding=\"async\" class=\"aligncenter wp-image-541 size-full\" src=\"https:\/\/i.imgur.com\/3JfpQQ8.png\" alt=\"\" width=\"100%\" height=\"18\" \/><\/font><\/p>\r\n<\/body><\/p>\n<p style=\"text-align: center;\"><body>\r\n<p class=\"MsoNormal\" style=\"text-align: justify; margin: 0 20px;\" align=\"center\">\r\n<font color=\"#800000\"><b><span style=\"font-family: Verdana\">QUEM SOMOS:<\/span><\/b><\/font><\/p>\r\n<p class=\"MsoNormal\" style=\"text-align: justify; margin: 0 20px;\" align=\"center\">&nbsp;<\/p>\r\n<p class=\"MsoNormal\" style=\"text-align: justify; margin: 0 20px;\" align=\"center\">\r\n<span style=\"font-family: Verdana\"><font color=\"#800000\">A <\/font><b>\r\n<font color=\"#800000\">AANINVA \r\n- AG\u00caNCIA NACIONAL DE INVESTIGADORES ASSOCIADOS<\/font><\/b><font color=\"#800000\"> \r\n\u00e9 uma organiza\u00e7\u00e3o particular, uma sociedade empres\u00e1ria, voltada para o segmento \r\nde <b>investiga\u00e7\u00e3o<\/b> e <b>tratamento de informa\u00e7\u00e3o<\/b>.<\/font><\/span><\/p>\r\n<p class=\"MsoNormal\" style=\"text-align: justify; margin: 0 20px;\" align=\"center\">\r\n<font color=\"#800000\"><span style=\"font-family: Verdana\">Nossa empresa est\u00e1 espalhada \r\npor todo territ\u00f3rio nacional, onde em cada localidade temos um representante que \r\nconseguimos em recrutamento direto atrav\u00e9s do nosso site na web.<\/span><\/font><\/p>\r\n<p class=\"MsoNormal\" style=\"text-align: justify; margin: 0 20px;\" align=\"center\">&nbsp;<\/p>\r\n<p class=\"MsoNormal\" style=\"text-align: justify; margin: 0 20px;\" align=\"center\">\r\n<u><b><font face=\"Verdana\" color=\"#800000\">Diferen\u00e7a entre Pesquisa e Investiga\u00e7\u00e3o<\/font><\/b><\/u><\/p>\r\n<p class=\"MsoNormal\" style=\"text-align: justify; margin: 0 20px;\" align=\"center\">&nbsp;<\/p>\r\n<p class=\"MsoNormal\" style=\"text-align: justify; margin: 0 20px;\" align=\"center\">\r\n<font face=\"Verdana\" color=\"#800000\"><b>Pesquisa<\/b> : Quando voc\u00ea procura informa\u00e7\u00f5es \r\nou opini\u00f5es que j\u00e1 existem sobre determinado t\u00f3pico em fontes espec\u00edficas de consulta \r\nvoc\u00ea est\u00e1 fazendo uma <b>pesquisa<\/b>.<\/font><\/p>\r\n<p class=\"MsoNormal\" style=\"text-align: justify; margin: 0 20px;\" align=\"center\">\r\n<font face=\"Verdana\" color=\"#800000\">Vamos dar um exemplo pr\u00e1tico: Quando voc\u00ea quer \r\ndescobrir de que \u00e9 <b>composta quimicamente<\/b> uma determinada subst\u00e2ncia, voc\u00ea \r\nfaz uma <b>pesquisa.<\/b><\/font><\/p>\r\n<p class=\"MsoNormal\" style=\"text-align: justify; margin: 0 20px;\" align=\"center\">\r\n<font face=\"Verdana\" color=\"#800000\">J\u00e1 quando voc\u00ea quer comprovar quais os <b>efeitos \r\nque essa subst\u00e2ncia pode causar<\/b> ou <b>causou num ser humano<\/b> voc\u00ea est\u00e1 determinando \r\nisso atrav\u00e9s de uma <b>investiga\u00e7\u00e3o<\/b>.<\/font><\/p>\r\n<p class=\"MsoNormal\" style=\"text-align: justify; margin: 0 20px;\" align=\"center\">&nbsp;<\/p>\r\n<p class=\"MsoNormal\" style=\"text-align: justify; margin: 0 20px;\" align=\"center\">\r\n<font face=\"Verdana\" color=\"#800000\">Por exemplo: Podemos citar como pesquisa a \r\ncoleta de informa\u00e7\u00f5es sobre o uso determinado produto em determinado meio ou grupo \r\nde consumidores desse produto ou ainda sobre a prefer\u00eancia eleitoral em determinado \r\ngrupo, ou ainda coletar e organizar atrav\u00e9s de uma fonte real um determinado pacote \r\ninforma\u00e7\u00f5es.Todas essas tarefas s\u00e3o tarefas de pesquisa pois voc\u00ea est\u00e1 apenas coletando \r\ninforma\u00e7\u00f5es que j\u00e1 existem no meio circulante.<\/font><\/p>\r\n<p class=\"MsoNormal\" style=\"text-align: justify; margin: 0 20px;\" align=\"center\">&nbsp;<\/p>\r\n<p class=\"MsoNormal\" style=\"text-align: justify; margin: 0 20px;\" align=\"center\">\r\n<font face=\"Verdana\" color=\"#800000\">Qualquer pessoas pode fazer uma pesquisa, pois \r\nas t\u00e9cnicas para desenvolve-la s\u00e3o pr\u00e1ticas e simples. Na nossa ag\u00eancia cabe aos\r\n<b>Agentes de Informa\u00e7\u00e3o (AGI)<\/b> desenvolver as pesquisas.<\/font><\/p>\r\n<p class=\"MsoNormal\" style=\"text-align: justify; margin: 0 20px;\" align=\"center\">\r\n<font face=\"Verdana\" color=\"#800000\">A <b>PESQUISA<\/b> est\u00e1 diretamente relacionada \r\na coleta de dados em fontes conhecidas.<\/font><\/p>\r\n<p class=\"MsoNormal\" style=\"text-align: justify; margin: 0 20px;\" align=\"center\">&nbsp;<\/p>\r\n<p class=\"MsoNormal\" style=\"text-align: justify; margin: 0 20px;\" align=\"center\">\r\n<font face=\"Verdana\" color=\"#800000\">Para ser um pesquisador, n\u00e3o \u00e9 necess\u00e1rio ter \r\nconhecimentos de investiga\u00e7\u00e3o. Qualquer pessoa, bem coordenada, pode desenvolver \r\npesquisas pontuais em fontes pr\u00e9 determinadas.<\/font><\/p>\r\n<p class=\"MsoNormal\" style=\"text-align: justify; margin: 0 20px;\" align=\"center\">&nbsp;<\/p>\r\n<p class=\"MsoNormal\" style=\"text-align: justify; margin: 0 20px;\" align=\"center\">\r\n<font face=\"Verdana\" color=\"#800000\"><b>Investiga\u00e7\u00e3o<\/b>: Quando voc\u00ea descobre informa\u00e7\u00f5es \r\nnovas que s\u00e3o capazes de aprimorar ou depreciar, corroborar ou desmentir, determinadas \r\ninforma\u00e7\u00f5es sobre determinado t\u00f3pico voc\u00ea est\u00e1 fazendo uma <\/font><\/p>\r\n<p class=\"MsoNormal\" style=\"text-align: justify; margin: 0 20px;\" align=\"center\">&nbsp;<\/p>\r\n<p class=\"MsoNormal\" style=\"text-align: justify; margin: 0 20px;\" align=\"center\">\r\n<font face=\"Verdana\" color=\"#800000\">Por exemplo: Quando voc\u00ea quer descobrir onde \r\ndeterminada pessoa esteve em determinada data, quando voc\u00ea est\u00e1 procurando achar \r\numa pessoa desaparecida ou que se esconde para n\u00e3o ser encontrada, quando voc\u00ea est\u00e1 \r\ninterpretando a cena de um crime, quando voc\u00ea desmente, atrav\u00e9s de fatos, informa\u00e7\u00f5es \r\nlevianamente inseridas para prejudicar uma pessoa, quando voc\u00ea procura um foragido(a), \r\ntodas essas tarefas s\u00e3o tarefas investigativas, pois voc\u00ea procura saber encontrar, \r\ndecifrar, interpretar e descobrir informa\u00e7\u00f5es que n\u00e3o est\u00e3o no meio circulante.\r\n<\/font><\/p>\r\n<p class=\"MsoNormal\" style=\"text-align: justify; margin: 0 20px;\" align=\"center\">\r\n<font face=\"Verdana\" color=\"#800000\">Essas tarefas, na nossa ag\u00eancia, cabem aos\r\n<b>Agentes de Investiga\u00e7\u00e3o (AGINV)<\/b>.<\/font><\/p>\r\n<p class=\"MsoNormal\" style=\"text-align: justify; margin: 0 20px;\" align=\"center\">&nbsp;<\/p>\r\n<p class=\"MsoNormal\" style=\"text-align: justify; margin: 0 20px;\" align=\"center\">\r\n<font face=\"Verdana\" color=\"#800000\">A <b>INVESTIGA\u00c7\u00c3O<\/b> est\u00e1 diretamente relacionada \r\na <b>comprova\u00e7\u00e3o e coleta<\/b> <b>de evid\u00eancias de um fato ou informa\u00e7\u00e3o<\/b>.<\/font><\/p>\r\n<p class=\"MsoNormal\" style=\"text-align: justify; margin: 0 20px;\" align=\"center\">\r\n<font face=\"Verdana\" color=\"#800000\">Para ser um investigador, \u00e9 necess\u00e1rio ter \r\nconhecimentos de investiga\u00e7\u00e3o, como se procede, como se desenvolve ao encontrar \r\num fato ou prova, como tratar e observar o comportamento da prova descoberta, o \r\nque aproveitar de determinada prova e como encaix\u00e1-la no contexto da investiga\u00e7\u00e3o \r\nem fim, qualquer pessoa, pode se tornar um investigador desde que seja treinado \r\ne educado com conhecimentos para isso.<\/font><\/p>\r\n<p class=\"MsoNormal\" style=\"text-align: justify; margin: 0 20px;\" align=\"center\">&nbsp;<\/p>\r\n<p class=\"MsoNormal\" style=\"text-align: justify; margin: 0 20px;\" align=\"center\">\r\n<font color=\"#800000\"><span style=\"font-family: Verdana\">A Agencia <b>ANINVA<\/b> \r\nnasceu em 2017, na cidade do Rio de Janeiro, com o intuito de dar aos profissionais \r\nde <b>Investiga\u00e7\u00e3o<\/b> e <b>Coleta de informa\u00e7\u00f5es<\/b>, uma forma legal e registrada \r\nde transformar o seu of\u00edcio em uma atividade legal, proporcionado a esses profissionais \r\numa associa\u00e7\u00e3o que possa auxili\u00e1-los nas tarefas comuns a todos, tais como emitir \r\nnotas, fechar e registrar contratos, construir banco de dados, dar publicidade aos \r\n\u00eaxitos de cada membro associado fortalecendo ainda mais a ag\u00eancia, regularizar o \r\nmodo de opera\u00e7\u00e3o de cada tarefa investigativa e ou de pesquisa, assim como juntos \r\nlutar pelos direitos desses profissionais frente aos \u00d3rg\u00e3os Federais, Estaduais \r\ne Municipais.<\/span><\/font><\/p>\r\n<p class=\"MsoNormal\" style=\"text-align: justify; margin: 0 20px;\" align=\"center\">&nbsp;<\/p>\r\n<p class=\"MsoNormal\" style=\"text-align: justify; margin: 0 20px;\" align=\"center\">\r\n<font color=\"#800000\"><span style=\"font-family: Verdana\">Todo representante nosso \r\n\u00e9 uma c\u00e9lula da nossa empresa que \u00e9 remunerado de acordo com as tarefas que desenvolvem \r\nsob a coordena\u00e7\u00e3o centralizada da ag\u00eancia atrav\u00e9s do seu escrit\u00f3rio central.<\/span><\/font><\/p>\r\n<p class=\"MsoNormal\" style=\"text-align: justify; margin: 0 20px;\" align=\"center\">\r\n<font color=\"#800000\"><span style=\"font-family: Verdana\">Existem 03(tr\u00eas) tipos \r\nde classifica\u00e7\u00e3o para as pessoas que desenvolvem conosco as nossas miss\u00f5es ou tarefas. \r\nS\u00e3o elas:<\/span><\/font><\/p>\r\n<p class=\"MsoNormal\" style=\"text-align: justify; margin: 0 20px;\" align=\"center\">&nbsp;<\/p>\r\n<p class=\"MsoNormal\" style=\"text-align: justify; margin: 10px 20px;\" align=\"center\">\r\n<font color=\"#800000\"><span style=\"font-family: Verdana\"><b>1- AGINF - Agente de Informa\u00e7\u00e3o \r\n- <\/b>\u00c9 aquele agente <b>associado ou aut\u00f4nomo<\/b> que nos presta uma <b>\r\nINFORMA\u00c7\u00c3O<\/b> e \u00e9 remunerado por cada INFORMA\u00c7\u00c3O que presta recebendo um valor \r\npr\u00e9 determinado por cada INFORMA\u00c7\u00c3O.<\/span><\/font><\/p>\r\n<p class=\"MsoNormal\" style=\"text-align: justify; margin: 10px 20px;\" align=\"center\">\r\n<font color=\"#800000\"><span style=\"font-family: Verdana\"><b>2- AGINV - Agente de Investiga\u00e7\u00e3o<\/b> - \u00c9 aquele agente <b>associado \r\nou aut\u00f4nomo<\/b> que nos presta uma <b>INVESTIGA\u00c7\u00c3O<\/b> \r\ne \u00e9 remunerado por cada INVESTIGA\u00c7\u00c3O que presta recebendo um valor pr\u00e9 determinado \r\npor cada INVESTIGA\u00c7\u00c3O.<\/span><\/font><\/p>\r\n<p class=\"MsoNormal\" style=\"text-align: justify; margin: 10px 20px;\" align=\"center\">\r\n<font color=\"#800000\"><span style=\"font-family: Verdana\"><b>3-Agente Operacional \r\n- AGOP<\/b> - \u00c9 aquele agente <b>associado ou aut\u00f4nomo<\/b> que desenvolve <b>TAREFAS \r\nOPERACIONAIS<\/b>, dentro da nossa organiza\u00e7\u00e3o, tais como vigil\u00e2ncia de alvos, \r\nconstata\u00e7\u00e3o de endere\u00e7os,etc.<\/span><\/font><\/p>\r\n<p class=\"MsoNormal\" style=\"text-align: justify; margin: 10px 20px;\" align=\"center\">\r\n<font color=\"#800000\"><span style=\"font-family: Verdana\"><b>4-Agente T\u00e9cnico - AGTEC<\/b> \r\n- \u00c9 aquele agente <b>associado ou aut\u00f4nomo<\/b> que desenvolve <b>TAREFAS \r\nT\u00c9CNICAS<\/b>, dentro da nossa organiza\u00e7\u00e3o, como por exemplo laudos t\u00e9cnicos em \r\nsua \u00e1rea de atua\u00e7\u00e3o.<\/span><\/font><\/p>\r\n<p class=\"MsoNormal\" style=\"text-align: justify; margin: 10px 20px;\" align=\"center\">\r\n<font color=\"#800000\"><span style=\"font-family: Verdana\">Navegue pelo nosso site \r\ne entenda cada uma dessas fun\u00e7\u00f5es.<\/span><\/font><\/p>\r\n<\/body>\r\n<\/body><\/p>\n<p style=\"text-align: center;\"><body>\r\n<p style=\"text-align: justify; margin-top:0; margin-bottom:0\"><b>\r\n<font face=\"Verdana\" color=\"#800000\">Equipe Ag\u00eancia Aninva<\/font><\/b><\/p>\r\n<p style=\"text-align: justify; margin-top:0; margin-bottom:0\">&nbsp;<\/p>\r\n<p style=\"text-align: justify; margin-top:0; margin-bottom:0\">\r\n<font face=\"Verdana\">\r\n<img decoding=\"async\" class=\"aligncenter wp-image-541 size-full\" src=\"https:\/\/i.imgur.com\/3JfpQQ8.png\" alt=\"\" width=\"100%\" height=\"18\" \/><\/font><\/p>\r\n<p style=\"text-align: center; margin-top:5px; margin-bottom:0\"><b>\r\n<font face=\"Verdana\" color=\"#470A0B\" size=\"2\">AGENCIA ANINVA DE INVESTIGA\u00c7\u00d5ES E \r\nINFORMA\u00c7\u00d5ES LTDA-ME - CNPJ : 200785060001-03 - Desde 2017<\/font><\/b><\/p>\r\n<\/body><\/p>\n<p style=\"text-align: center;\"><a href=\"https:\/\/aninva.com.br\/anibrasil\" title=\"\"><img decoding=\"async\" src=\"https:\/\/counter1.optistats.ovh\/private\/freecounterstat.php?c=f95lzsq2e7btnm4wkzhexcqqdbt2212r\" border=\"0\" title=\"\" alt=\"\"><\/a><\/p>\n","protected":false},"excerpt":{"rendered":"","protected":false},"author":1,"featured_media":0,"parent":0,"menu_order":0,"comment_status":"closed","ping_status":"closed","template":"","meta":{"footnotes":""},"class_list":["post-207","page","type-page","status-publish","hentry"],"_links":{"self":[{"href":"https:\/\/aninva.com.br\/anibrasil\/wp-json\/wp\/v2\/pages\/207","targetHints":{"allow":["GET"]}}],"collection":[{"href":"https:\/\/aninva.com.br\/anibrasil\/wp-json\/wp\/v2\/pages"}],"about":[{"href":"https:\/\/aninva.com.br\/anibrasil\/wp-json\/wp\/v2\/types\/page"}],"author":[{"embeddable":true,"href":"https:\/\/aninva.com.br\/anibrasil\/wp-json\/wp\/v2\/users\/1"}],"replies":[{"embeddable":true,"href":"https:\/\/aninva.com.br\/anibrasil\/wp-json\/wp\/v2\/comments?post=207"}],"version-history":[{"count":6,"href":"https:\/\/aninva.com.br\/anibrasil\/wp-json\/wp\/v2\/pages\/207\/revisions"}],"predecessor-version":[{"id":953,"href":"https:\/\/aninva.com.br\/anibrasil\/wp-json\/wp\/v2\/pages\/207\/revisions\/953"}],"wp:attachment":[{"href":"https:\/\/aninva.com.br\/anibrasil\/wp-json\/wp\/v2\/media?parent=207"}],"curies":[{"name":"wp","href":"https:\/\/api.w.org\/{rel}","templated":true}]}}