{"id":1005,"date":"2025-11-14T18:46:34","date_gmt":"2025-11-14T21:46:34","guid":{"rendered":"https:\/\/aninva.com.br\/anibrasil\/?page_id=1005"},"modified":"2025-11-14T18:46:34","modified_gmt":"2025-11-14T21:46:34","slug":"ageinfiltrado","status":"publish","type":"page","link":"https:\/\/aninva.com.br\/anibrasil\/ageinfiltrado\/","title":{"rendered":"Servi\u00e7o de Agente Infiltrado"},"content":{"rendered":"<p style=\"text-align: center;\"><body>\r\n<p style=\"text-align: center; margin-top:0; margin-bottom:0\">\r\n<img fetchpriority=\"high\" decoding=\"async\" border=\"0\" src=\"https:\/\/i.imgur.com\/A88LpkK.jpg\" width=\"1100\" height=\"120\"><\/p>\r\n<p style=\"text-align: center; margin-top:0; margin-bottom:0\">\r\n<a target=\"_blank\" href=\"https:\/\/chat.whatsapp.com\/IVHaYLH2jl6F23sqM5oFP4\"><img decoding=\"async\" border=\"0\" src=\"https:\/\/i.imgur.com\/Y0iBc2q.png\" width=\"700\" height=\"123\"><\/a><\/p>\r\n\r\n<p class=\"MsoNormal\" style=\"margin: 12px 20px; \" align=\"center\"><b>\r\n<font face=\"Verdana\" color=\"#800000\" size=\"4\">INVESTIGAR \u00c9 A ARTE DE REUNIR EVID\u00caNCIAS \r\nPARA SE COMPROVAR UM FATO<\/font><\/b><\/p>\r\n<p style=\"text-align: center; margin-top:0; margin-bottom:0\">\r\n<font face=\"Verdana\">\r\n<img decoding=\"async\" class=\"aligncenter wp-image-541 size-full\" src=\"https:\/\/i.imgur.com\/3JfpQQ8.png\" alt=\"\" width=\"100%\" height=\"18\" \/><\/font><\/p>\r\n<\/body><\/p>\n<p style=\"text-align: center;\"><body>\r\n<p class=\"MsoNormal\" style=\"margin: 6px 20px\" align=\"justify\"><b>\r\n<font face=\"Verdana\" size=\"4\" color=\"#800000\">AGENTE<\/font><\/b><font face=\"Verdana\" color=\"#990000\"><b><font face=\"Verdana\" color=\"#800000\" size=\"4\"> \r\nINFILTRADO.<\/font><\/b><\/p>\r\n<p style=\"margin:5px 20px; text-align: justify\">&nbsp;<\/p>\r\n<\/font>\r\n<font face=\"Verdana\" color=\"#800000\">\r\n<p style=\"margin:5px 20px; text-align: justify\">\r\nQualquer empresa que tem um n\u00famero razo\u00e1vel de funcion\u00e1rios, ou que lida com um \r\npublico de quantitativo razo\u00e1vel precisa do servi\u00e7o de <b>Agente Infiltrado<\/b>.<\/p>\r\n<p style=\"margin:5px 20px; text-align: justify\">\r\nNossa miss\u00e3o \u00e9 formar um agente para essa tarefa que depois de infiltrado passa \r\na nos dar as informa\u00e7\u00f5es que precisamos a respeito da tarefa que foi designado.<\/font><\/p>\r\n<p style=\"margin:5px 20px; text-align: justify\">\r\n<font face=\"Verdana\" color=\"#990000\">Nosso servi\u00e7o de <b>Agente Infiltrado<\/b> \r\ngarante que um passageiro comum torne-se um potencial informante de tudo que \r\nocorre a bordo.<\/font><\/p>\r\n<p style=\"margin:5px 20px; text-align: justify\">\r\n&nbsp;<\/p>\r\n<p style=\"margin:5px 20px; text-align: justify\">\r\n<b><font face=\"Verdana\" color=\"#990000\">Empresas que mais necessitam dos nossos \r\nservi\u00e7os:<\/font><\/b><\/p>\r\n<p style=\"margin:5px 20px; text-align: justify\">\r\n&nbsp;<\/p>\r\n<p style=\"margin:5px 20px; text-align: justify\">\r\n<font face=\"Verdana\" color=\"#990000\">Empresas particulares que prestam servi\u00e7os \r\np\u00fablicos para \u00f3rg\u00e3os p\u00fablicos.<\/font><\/p>\r\n<p style=\"margin:5px 20px; text-align: justify\">\r\n<font face=\"Verdana\" color=\"#990000\">Empresas que locam ou capacitam m\u00e3o de \r\nobra, seja ela permanente ou tempor\u00e1ria.<\/font><\/p>\r\n<p style=\"margin:5px 20px; text-align: justify\">\r\n<font face=\"Verdana\" color=\"#990000\">Empresas de transportes coletivos.<\/font><\/p>\r\n<p style=\"margin:5px 20px; text-align: justify\">\r\n<font face=\"Verdana\" color=\"#990000\">Empresas distribuidoras de qualquer tipo de \r\nmercadoria.<\/font><\/p>\r\n<p style=\"margin:5px 20px; text-align: justify\">\r\n<font face=\"Verdana\" color=\"#990000\">Empresas de delivery.<\/font><\/p>\r\n<p style=\"margin:5px 20px; text-align: justify\">\r\n<font face=\"Verdana\" color=\"#990000\">Empresas de ensino infantil.<\/font><\/p>\r\n<p style=\"margin:5px 20px; text-align: justify\">\r\n<font face=\"Verdana\" color=\"#990000\">Outra qualquer empresa a qual possamos \r\nadequar a fun\u00e7\u00e3o do <b>Agente Infiltrado<\/b>.<\/font><\/p>\r\n<p style=\"margin:5px 20px; text-align: justify\">\r\n&nbsp;<\/p>\r\n<p style=\"margin:5px 20px; text-align: justify\">\r\n<font face=\"Verdana\" color=\"#990000\">Na fase preliminar, n\u00f3s recebemos do \r\ncontratante as diretrizes, escolhemos a pessoa que vai prestar o servi\u00e7o, \r\ntreinamos essa pessoa para se adequar a necessidade do cliente.<\/font><\/p>\r\n<p style=\"margin:5px 20px; text-align: justify\">\r\n<font face=\"Verdana\" color=\"#990000\">Depois da fase preliminar terminada, come\u00e7a \r\na&nbsp; fase de execu\u00e7\u00e3o, onde a pessoa treinada vai definitivamente estar \r\nintegrada ao grupo de pessoas sobre o qual deve reportar o comportamento de cada \r\numa.<\/font><\/p>\r\n<p style=\"margin:5px 20px; text-align: justify\">\r\n&nbsp;<\/p>\r\n<p style=\"margin:5px 20px; text-align: justify\">\r\n<b><font face=\"Verdana\" color=\"#990000\">Tempo de dura\u00e7\u00e3o dessa presta\u00e7\u00e3o de \r\nservi\u00e7o:<\/font><\/b><\/p>\r\n<p style=\"margin:5px 20px; text-align: justify\">\r\n&nbsp;<\/p>\r\n<p style=\"margin:5px 20px; text-align: justify\">\r\n<font face=\"Verdana\" color=\"#990000\">Considerando-se a fase de treino e a fase \r\nde vigia, onde a pessoa treinada passa a monitorar os passos das pessoas a serem \r\nmonitoradas podemos calcular o m\u00ednimo de seis meses, no caso de haver \r\ntreinamento para o infiltrado, ou 3 meses, no caso do infiltrado j\u00e1 estar \r\npreparado e o alvo desse contexto, agir da forma esperada para que as provas \r\nsejam colhidas.<\/font><\/p>\r\n<p style=\"margin:5px 20px; text-align: justify\">\r\n<font face=\"Verdana\" color=\"#990000\">Mais informa\u00e7\u00f5es sobre este servi\u00e7o, fa\u00e7a \r\ncontato conosco clicando no banner do What's App acima.<\/font><\/p>\r\n<\/body><\/p>\n<p style=\"text-align: center;\"><body>\r\n<p style=\"text-align: justify; margin-top:0; margin-bottom:0\"><b>\r\n<font face=\"Verdana\" color=\"#800000\">Equipe Ag\u00eancia Aninva<\/font><\/b><\/p>\r\n<p style=\"text-align: justify; margin-top:0; margin-bottom:0\">&nbsp;<\/p>\r\n<p style=\"text-align: justify; margin-top:0; margin-bottom:0\">\r\n<font face=\"Verdana\">\r\n<img decoding=\"async\" class=\"aligncenter wp-image-541 size-full\" src=\"https:\/\/i.imgur.com\/3JfpQQ8.png\" alt=\"\" width=\"100%\" height=\"18\" \/><\/font><\/p>\r\n<p style=\"text-align: center; margin-top:5px; margin-bottom:0\"><b>\r\n<font face=\"Verdana\" color=\"#470A0B\" size=\"2\">AGENCIA ANINVA DE INVESTIGA\u00c7\u00d5ES E \r\nINFORMA\u00c7\u00d5ES LTDA-ME - CNPJ : 200785060001-03 - Desde 2017<\/font><\/b><\/p>\r\n<\/body><\/p>\n<p style=\"text-align: center;\"><a href=\"https:\/\/aninva.com.br\/anibrasil\" title=\"\"><img decoding=\"async\" src=\"https:\/\/counter1.optistats.ovh\/private\/freecounterstat.php?c=f95lzsq2e7btnm4wkzhexcqqdbt2212r\" border=\"0\" title=\"\" alt=\"\"><\/a><\/p>\n<p>&nbsp;<\/p>\n","protected":false},"excerpt":{"rendered":"<p>&nbsp;<\/p>\n","protected":false},"author":1,"featured_media":0,"parent":0,"menu_order":0,"comment_status":"closed","ping_status":"closed","template":"","meta":{"footnotes":""},"class_list":["post-1005","page","type-page","status-publish","hentry"],"_links":{"self":[{"href":"https:\/\/aninva.com.br\/anibrasil\/wp-json\/wp\/v2\/pages\/1005","targetHints":{"allow":["GET"]}}],"collection":[{"href":"https:\/\/aninva.com.br\/anibrasil\/wp-json\/wp\/v2\/pages"}],"about":[{"href":"https:\/\/aninva.com.br\/anibrasil\/wp-json\/wp\/v2\/types\/page"}],"author":[{"embeddable":true,"href":"https:\/\/aninva.com.br\/anibrasil\/wp-json\/wp\/v2\/users\/1"}],"replies":[{"embeddable":true,"href":"https:\/\/aninva.com.br\/anibrasil\/wp-json\/wp\/v2\/comments?post=1005"}],"version-history":[{"count":1,"href":"https:\/\/aninva.com.br\/anibrasil\/wp-json\/wp\/v2\/pages\/1005\/revisions"}],"predecessor-version":[{"id":1006,"href":"https:\/\/aninva.com.br\/anibrasil\/wp-json\/wp\/v2\/pages\/1005\/revisions\/1006"}],"wp:attachment":[{"href":"https:\/\/aninva.com.br\/anibrasil\/wp-json\/wp\/v2\/media?parent=1005"}],"curies":[{"name":"wp","href":"https:\/\/api.w.org\/{rel}","templated":true}]}}